{"id":4947,"date":"2026-05-04T09:21:25","date_gmt":"2026-05-04T12:21:25","guid":{"rendered":"https:\/\/cmsf.sms.fortaleza.ce.gov.br\/?page_id=4947"},"modified":"2026-05-04T09:24:18","modified_gmt":"2026-05-04T12:24:18","slug":"conselho-locais-e-regionais-de-saude-de-fortaleza","status":"publish","type":"page","link":"https:\/\/cmsf.sms.fortaleza.ce.gov.br\/?page_id=4947","title":{"rendered":"Conselho Locais e Regionais de Sa\u00fade de Fortaleza"},"content":{"rendered":"<p>Os Conselhos Regionais e os Conselhos Locais de Sa\u00fade, institu\u00eddos, respectivamente, pela Lei n.\u00ba 8.092, de 21 de novembro de 1997, e pelo Decreto n.\u00ba 10.842, de 31 de julho de 2000, s\u00e3o inst\u00e2ncias colegiadas de car\u00e1ter permanente, propositivo, consultivo e fiscalizador, integrantes da estrutura organizacional do Conselho Municipal de Sa\u00fade de Fortaleza (CMSF), compostos paritariamente porrepresentantes dos usu\u00e1rios, do governo, dos prestadores de servi\u00e7os da \u00e1rea de sa\u00fade e dos profissionais de sa\u00fade, com atribui\u00e7\u00f5es, estrutura, composi\u00e7\u00e3o e funcionamento definidos pelo CMSF.<\/p>\n<p><a href=\"https:\/\/cmsf.sms.fortaleza.ce.gov.br\/wp-content\/uploads\/2026\/05\/RESOLUCAO-No-003-2026-Regimento-Interno-dos-Conselhos-Locais-de-Saude.pdf\"><strong>Regimento Interno dos Conselhos Locais de Sa\u00fade<\/strong><\/a><br \/>\n<a href=\"https:\/\/cmsf.sms.fortaleza.ce.gov.br\/wp-content\/uploads\/2026\/05\/RESOLUCAO-No-010-2026-Regimento-Interno-dos-Conselhos-Regionais-de-Saude.pdf\"><strong>Regimento Interno dos Conselhos Regionais de Sa\u00fade<\/strong><\/a><\/p>\n","protected":false},"excerpt":{"rendered":"<p>Os Conselhos Regionais e os Conselhos Locais de Sa\u00fade, institu\u00eddos, respectivamente, pela Lei n.\u00ba 8.092, de 21 de novembro de 1997, e pelo Decreto n.\u00ba 10.842, de 31 de julho de 2000, s\u00e3o inst\u00e2ncias colegiadas de car\u00e1ter permanente, propositivo, consultivo e fiscalizador, integrantes da estrutura organizacional do Conselho Municipal de<\/p>\n","protected":false},"author":2,"featured_media":0,"parent":0,"menu_order":0,"comment_status":"closed","ping_status":"closed","template":"","meta":[],"_links":{"self":[{"href":"https:\/\/cmsf.sms.fortaleza.ce.gov.br\/index.php?rest_route=\/wp\/v2\/pages\/4947"}],"collection":[{"href":"https:\/\/cmsf.sms.fortaleza.ce.gov.br\/index.php?rest_route=\/wp\/v2\/pages"}],"about":[{"href":"https:\/\/cmsf.sms.fortaleza.ce.gov.br\/index.php?rest_route=\/wp\/v2\/types\/page"}],"author":[{"embeddable":true,"href":"https:\/\/cmsf.sms.fortaleza.ce.gov.br\/index.php?rest_route=\/wp\/v2\/users\/2"}],"replies":[{"embeddable":true,"href":"https:\/\/cmsf.sms.fortaleza.ce.gov.br\/index.php?rest_route=%2Fwp%2Fv2%2Fcomments&post=4947"}],"version-history":[{"count":2,"href":"https:\/\/cmsf.sms.fortaleza.ce.gov.br\/index.php?rest_route=\/wp\/v2\/pages\/4947\/revisions"}],"predecessor-version":[{"id":4951,"href":"https:\/\/cmsf.sms.fortaleza.ce.gov.br\/index.php?rest_route=\/wp\/v2\/pages\/4947\/revisions\/4951"}],"wp:attachment":[{"href":"https:\/\/cmsf.sms.fortaleza.ce.gov.br\/index.php?rest_route=%2Fwp%2Fv2%2Fmedia&parent=4947"}],"curies":[{"name":"wp","href":"https:\/\/api.w.org\/{rel}","templated":true}]}}