{"id":4913,"date":"2026-03-29T13:42:51","date_gmt":"2026-03-29T16:42:51","guid":{"rendered":"https:\/\/cmsf.sms.fortaleza.ce.gov.br\/?page_id=4913"},"modified":"2026-04-10T15:23:05","modified_gmt":"2026-04-10T18:23:05","slug":"documentacoes-das-eleicoes-2","status":"publish","type":"page","link":"https:\/\/cmsf.sms.fortaleza.ce.gov.br\/?page_id=4913","title":{"rendered":"Documenta\u00e7\u00f5es das Elei\u00e7\u00f5es"},"content":{"rendered":"<p><strong>Documentos da Elei\u00e7\u00e3o:<\/strong><\/p>\n<p><a href=\"https:\/\/cmsf.sms.fortaleza.ce.gov.br\/wp-content\/uploads\/2025\/12\/Regimento-Eleitoral-Final.pdf\"> Regimento Eleitoral<\/a><\/p>\n<p><strong>Publica\u00e7\u00f5es no Di\u00e1rio Oficial do Munic\u00edpio:<\/strong><\/p>\n<p><a href=\"https:\/\/cmsf.sms.fortaleza.ce.gov.br\/wp-content\/uploads\/2025\/07\/PUBLICACAO.pdf\">1\u00aa Elei\u00e7\u00e3o Geral &#8211; 2025-2028<\/a><br \/>\n<a href=\"https:\/\/cmsf.sms.fortaleza.ce.gov.br\/wp-content\/uploads\/2025\/10\/2a-PUBLICACAO-DOM.pdf\">2\u00aa Elei\u00e7\u00e3o e Revitaliza\u00e7\u00f5es &#8211; 2025-2028<\/a><br \/>\n<a href=\"https:\/\/cmsf.sms.fortaleza.ce.gov.br\/wp-content\/uploads\/2026\/04\/RESOLUCAO-No-006-2026-HOMOLOGACAO-DO-PROCESSO-DE-REVITALIZACAO.pdf\">3\u00aa Elei\u00e7\u00e3o e Revitaliza\u00e7\u00f5es &#8211; 2025-2028<\/a><\/p>\n","protected":false},"excerpt":{"rendered":"<p>Documentos da Elei\u00e7\u00e3o: Regimento Eleitoral Publica\u00e7\u00f5es no Di\u00e1rio Oficial do Munic\u00edpio: 1\u00aa Elei\u00e7\u00e3o Geral &#8211; 2025-2028 2\u00aa Elei\u00e7\u00e3o e Revitaliza\u00e7\u00f5es &#8211; 2025-2028 3\u00aa Elei\u00e7\u00e3o e Revitaliza\u00e7\u00f5es &#8211; 2025-2028<\/p>\n","protected":false},"author":2,"featured_media":0,"parent":0,"menu_order":0,"comment_status":"closed","ping_status":"closed","template":"","meta":[],"_links":{"self":[{"href":"https:\/\/cmsf.sms.fortaleza.ce.gov.br\/index.php?rest_route=\/wp\/v2\/pages\/4913"}],"collection":[{"href":"https:\/\/cmsf.sms.fortaleza.ce.gov.br\/index.php?rest_route=\/wp\/v2\/pages"}],"about":[{"href":"https:\/\/cmsf.sms.fortaleza.ce.gov.br\/index.php?rest_route=\/wp\/v2\/types\/page"}],"author":[{"embeddable":true,"href":"https:\/\/cmsf.sms.fortaleza.ce.gov.br\/index.php?rest_route=\/wp\/v2\/users\/2"}],"replies":[{"embeddable":true,"href":"https:\/\/cmsf.sms.fortaleza.ce.gov.br\/index.php?rest_route=%2Fwp%2Fv2%2Fcomments&post=4913"}],"version-history":[{"count":2,"href":"https:\/\/cmsf.sms.fortaleza.ce.gov.br\/index.php?rest_route=\/wp\/v2\/pages\/4913\/revisions"}],"predecessor-version":[{"id":4932,"href":"https:\/\/cmsf.sms.fortaleza.ce.gov.br\/index.php?rest_route=\/wp\/v2\/pages\/4913\/revisions\/4932"}],"wp:attachment":[{"href":"https:\/\/cmsf.sms.fortaleza.ce.gov.br\/index.php?rest_route=%2Fwp%2Fv2%2Fmedia&parent=4913"}],"curies":[{"name":"wp","href":"https:\/\/api.w.org\/{rel}","templated":true}]}}