{"id":4811,"date":"2025-09-17T13:48:26","date_gmt":"2025-09-17T16:48:26","guid":{"rendered":"https:\/\/cmsf.sms.fortaleza.ce.gov.br\/?page_id=4811"},"modified":"2025-09-17T13:52:59","modified_gmt":"2025-09-17T16:52:59","slug":"4811-2","status":"publish","type":"page","link":"https:\/\/cmsf.sms.fortaleza.ce.gov.br\/?page_id=4811","title":{"rendered":""},"content":{"rendered":"<p><strong>Elabora\u00e7\u00e3o do Plano Municipal de Sa\u00fade de Fortaleza 2026\u20132029<\/strong><\/p>\n<p>O Plano Municipal de Sa\u00fade (PMS) \u00e9 uma importante ferramenta de planejamento, que visa contribuir para a compreens\u00e3o dos principais problemas e desafios enfrentados pela sa\u00fade municipal, com o intuito de definir uma agenda de compromissos e um processo efetivo de monitoramento e avalia\u00e7\u00e3o.<br \/>\nA Secretaria Municipal da Sa\u00fade (SMS) de Fortaleza, em franca articula\u00e7\u00e3o com o Conselho Municipal de Sa\u00fade de Fortaleza (CMSF), prop\u00f5em tr\u00eas momentos para a constru\u00e7\u00e3o do PMS 2026-2029: a realiza\u00e7\u00e3o das <strong>Oficinas de Base Territorial<\/strong>, seguindo-se das <strong>Oficinas Regionais<\/strong>, ambas desenvolvidas nos territ\u00f3rios das seis Coordenadorias Regionais de Sa\u00fade (CORES) e por fim, da <strong>Oficina de Conclus\u00e3o<\/strong> do processo de elabora\u00e7\u00e3o do Plano.<br \/>\nEssa constru\u00e7\u00e3o coletiva permitir\u00e1 o debate a partir da realidade dos territ\u00f3rios, possibilitando identificar prioridades e propor interven\u00e7\u00f5es vi\u00e1veis para o fortalecimento do SUS em Fortaleza.<br \/>\nAs <strong>Oficinas de Base Territorial<\/strong> est\u00e3o abertas para a participa\u00e7\u00e3o dos <strong>Profissionais da Sa\u00fade do munic\u00edpio de Fortaleza<\/strong>, dos <strong>Gestores da Sa\u00fade do munic\u00edpio de Fortaleza<\/strong> e dos <strong>Usu\u00e1rios do Servi\u00e7os de Sa\u00fade do munic\u00edpio de Fortaleza<\/strong>, a partir do Cronograma de cada uma das seis CORES, a seguir:<\/p>\n<p><strong>Coordenadoria Regional de Sa\u00fade I<\/strong><\/p>\n<p><strong>Data: 09\/09\/2025 &#8211; Hor\u00e1rio: 13:00 \u00e0s 17:00<\/strong><br \/>\nLocal: ESPFOR (Almirante Barroso, 601 &#8211; Praia de Iracema)<br \/>\n<strong>Data: 15\/09\/2025 &#8211; Hor\u00e1rio: 13:00 \u00e0s 17:00<\/strong><br \/>\nLocal: ESPFOR (Almirante Barroso, 601 &#8211; Praia de Iracema)<\/p>\n<p><strong>Coordenadoria Regional de Sa\u00fade II<\/strong><\/p>\n<p><strong>Data: 11\/09\/2025 &#8211; Hor\u00e1rio: 08:00 \u00e0s 12:00<\/strong><br \/>\nLocal: UNIFANOR (Ant\u00f4nio Gomes Guimar\u00e3es, 150 &#8211; Papicu)<br \/>\n<strong>Data: 17\/09\/2025 &#8211; Hor\u00e1rio: 08:00 \u00e0s 12:00<\/strong><br \/>\nLocal: ESP\/CE (Av. Ant\u00f4nio Justa, 3161 &#8211; Meireles)<\/p>\n<p><strong>Coordenadoria Regional de Sa\u00fade III<\/strong><\/p>\n<p><strong>Data: 23\/09\/2025 &#8211; Hor\u00e1rio: 08:00 \u00e0s 12:00<\/strong><br \/>\nLocal: CUCA PICI (R. Cel. Matos Dourado, 1499 &#8211; Pici)<br \/>\n<strong>Data: 24\/09\/2025 &#8211; Hor\u00e1rio: 08:00 \u00e0s 12:00<\/strong><br \/>\nLocal: CUCA PICI (R. Cel. Matos Dourado, 1499 &#8211; Pici)<br \/>\n<strong>Data: 25\/09\/2025 &#8211; Hor\u00e1rio: 08:00 \u00e0s 12:00<\/strong><br \/>\nLocal: CUCA PICI (R. Cel. Matos Dourado, 1499 &#8211; Pici)<\/p>\n<p><strong>Coordenadoria Regional de Sa\u00fade IV<\/strong><\/p>\n<p><strong>Data: 09\/09\/2025 &#8211; Hor\u00e1rio: 13:00 \u00e0s 17:00<\/strong><br \/>\nLocal: Centro de Humanidades UECE (Av. Luciano Carneiro, 345 &#8211; F\u00e1tima)<br \/>\n<strong>Data: 16\/09\/2025 &#8211; Hor\u00e1rio: 13:00 \u00e0s 17:00<\/strong><br \/>\nLocal: Audit\u00f3rio NUPEINSC (Av. Dr. Silas Munguba, 1700 &#8211; Itaperi)<\/p>\n<p><strong>Coordenadoria Regional de Sa\u00fade V<\/strong><\/p>\n<p><strong>Data: 17\/09\/2025 &#8211; Hor\u00e1rio: 08:00 \u00e0s 13:00<\/strong><br \/>\nLocal: Centro de Inclus\u00e3o Tecnol\u00f3gica e Social (Rua C\u00f4nego de Castro, 3955 &#8211; Parque S\u00e3o Jos\u00e9)<br \/>\n<strong>Data: 18\/09\/2025 &#8211; Hor\u00e1rio: 08:00 \u00e0s 13:00<\/strong><br \/>\nLocal: Centro de Inclus\u00e3o Tecnol\u00f3gica e Social (Rua C\u00f4nego de Castro, 3955 &#8211; Parque S\u00e3o Jos\u00e9)<br \/>\n<strong>Data: 19\/09\/2025 &#8211; Hor\u00e1rio: 08:00 \u00e0s 13:00<\/strong><br \/>\nLocal: Centro de Inclus\u00e3o Tecnol\u00f3gica e Social (Rua C\u00f4nego de Castro, 3955 &#8211; Parque S\u00e3o Jos\u00e9)<\/p>\n<p><strong>Coordenadoria Regional de Sa\u00fade VI<\/strong><\/p>\n<p><strong>Data: 17\/09\/2025 &#8211; Hor\u00e1rio: 08:00 \u00e0s 13:00<\/strong><br \/>\nLocal: UNIFOR (Av. Washington Soares, 1321 &#8211; Edson Queiroz \/ Bloco C, Sala C10)<br \/>\n<strong>Data: 18\/09\/2025 &#8211; Hor\u00e1rio: 08:00 \u00e0s 13:00<\/strong><br \/>\nLocal: UNIFOR (Av. Washington Soares, 1321 &#8211; Edson Queiroz \/ Bloco C, Sala C10)<br \/>\n<strong>Data: 19\/09\/2025 &#8211; Hor\u00e1rio: 08:00 \u00e0s 13:00<\/strong><br \/>\nLocal: UNIFOR (Av. Washington Soares, 1321 &#8211; Edson Queiroz \/ Bloco C, Sala C10)<\/p>\n","protected":false},"excerpt":{"rendered":"<p>Elabora\u00e7\u00e3o do Plano Municipal de Sa\u00fade de Fortaleza 2026\u20132029 O Plano Municipal de Sa\u00fade (PMS) \u00e9 uma importante ferramenta de planejamento, que visa contribuir para a compreens\u00e3o dos principais problemas e desafios enfrentados pela sa\u00fade municipal, com o intuito de definir uma agenda de compromissos e um processo efetivo de<\/p>\n","protected":false},"author":2,"featured_media":0,"parent":0,"menu_order":0,"comment_status":"closed","ping_status":"closed","template":"","meta":[],"_links":{"self":[{"href":"https:\/\/cmsf.sms.fortaleza.ce.gov.br\/index.php?rest_route=\/wp\/v2\/pages\/4811"}],"collection":[{"href":"https:\/\/cmsf.sms.fortaleza.ce.gov.br\/index.php?rest_route=\/wp\/v2\/pages"}],"about":[{"href":"https:\/\/cmsf.sms.fortaleza.ce.gov.br\/index.php?rest_route=\/wp\/v2\/types\/page"}],"author":[{"embeddable":true,"href":"https:\/\/cmsf.sms.fortaleza.ce.gov.br\/index.php?rest_route=\/wp\/v2\/users\/2"}],"replies":[{"embeddable":true,"href":"https:\/\/cmsf.sms.fortaleza.ce.gov.br\/index.php?rest_route=%2Fwp%2Fv2%2Fcomments&post=4811"}],"version-history":[{"count":3,"href":"https:\/\/cmsf.sms.fortaleza.ce.gov.br\/index.php?rest_route=\/wp\/v2\/pages\/4811\/revisions"}],"predecessor-version":[{"id":4815,"href":"https:\/\/cmsf.sms.fortaleza.ce.gov.br\/index.php?rest_route=\/wp\/v2\/pages\/4811\/revisions\/4815"}],"wp:attachment":[{"href":"https:\/\/cmsf.sms.fortaleza.ce.gov.br\/index.php?rest_route=%2Fwp%2Fv2%2Fmedia&parent=4811"}],"curies":[{"name":"wp","href":"https:\/\/api.w.org\/{rel}","templated":true}]}}