{"id":4756,"date":"2025-08-13T08:36:56","date_gmt":"2025-08-13T11:36:56","guid":{"rendered":"https:\/\/cmsf.sms.fortaleza.ce.gov.br\/?page_id=4756"},"modified":"2026-01-22T10:59:40","modified_gmt":"2026-01-22T13:59:40","slug":"revitalizacao-cls-e-cmsf-2025-2028","status":"publish","type":"page","link":"https:\/\/cmsf.sms.fortaleza.ce.gov.br\/?page_id=4756","title":{"rendered":"ELEI\u00c7\u00d5ES DE REVITALIZA\u00c7\u00c3O (CLS E CMSF) \u2013 2025-2028"},"content":{"rendered":"<p>O Conselho Municipal de Sa\u00fade de Fortaleza (CMSF) informa que est\u00e1 aberto o processo de revitaliza\u00e7\u00e3o nos Equipamentos de Sa\u00fade do munic\u00edpio onde n\u00e3o ocorreram elei\u00e7\u00f5es para composi\u00e7\u00e3o dos Conselhos Locais de Sa\u00fade (CLS) durante os \u00faltimos ciclos eleitorais da Rede de Conselhos de Sa\u00fade de Fortaleza.<\/p>\n<p>Esta iniciativa visa garantir a participa\u00e7\u00e3o efetiva da comunidade na gest\u00e3o do Sistema \u00danico de Sa\u00fade (SUS) em Fortaleza, fortalecendo o Controle Social e assegurando a representatividade de usu\u00e1rios, trabalhadores e gestores nos espa\u00e7os deliberativos de sa\u00fade.<\/p>\n<p><strong>Inscri\u00e7\u00f5es encerradas<\/strong><\/p>\n<p><strong>Documenta\u00e7\u00e3o da Elei\u00e7\u00e3o:<\/strong><\/p>\n<p><strong><a href=\"https:\/\/cmsf.sms.fortaleza.ce.gov.br\/wp-content\/uploads\/2025\/12\/Regimento-Eleitoral-Final.pdf\" target=\"_blank\" rel=\"noreferrer noopener\" data-rich-text-format-boundary=\"true\">Resolu\u00e7\u00e3o do Regimento Eleitoral, Edital Eleitoral e Comiss\u00e3o Eleitoral<\/a><\/strong><br data-rich-text-line-break=\"true\"><a href=\"https:\/\/cmsf.sms.fortaleza.ce.gov.br\/wp-content\/uploads\/2025\/12\/CALENDARIO-REVITALIZACAO.pdf\" target=\"_blank\" rel=\"noopener\"><strong>Calend\u00e1rio Eleitoral<\/strong><\/a><br data-rich-text-line-break=\"true\"><a href=\"https:\/\/cmsf.sms.fortaleza.ce.gov.br\/wp-content\/uploads\/2025\/05\/INDICACAO.pdf\" target=\"_blank\" rel=\"noreferrer noopener\"><strong>Carta de Indica\u00e7\u00e3o (Representante para o CMSF)<\/strong><\/a><\/p>\n<p>A participa\u00e7\u00e3o ativa nos Conselhos de Sa\u00fade \u00e9 fundamental para a fiscaliza\u00e7\u00e3o, proposi\u00e7\u00e3o e acompanhamento das pol\u00edticas p\u00fablicas de sa\u00fade em nossa cidade. N\u00e3o perca a oportunidade de contribuir para o fortalecimento do SUS e para a melhoria da sa\u00fade de todos.<\/p>\n","protected":false},"excerpt":{"rendered":"<p>O Conselho Municipal de Sa\u00fade de Fortaleza (CMSF) informa que est\u00e1 aberto o processo de revitaliza\u00e7\u00e3o nos Equipamentos de Sa\u00fade do munic\u00edpio onde n\u00e3o ocorreram elei\u00e7\u00f5es para composi\u00e7\u00e3o dos Conselhos Locais de Sa\u00fade (CLS) durante os \u00faltimos ciclos eleitorais da Rede de Conselhos de Sa\u00fade de Fortaleza. Esta iniciativa visa<\/p>\n","protected":false},"author":2,"featured_media":0,"parent":0,"menu_order":0,"comment_status":"closed","ping_status":"closed","template":"","meta":[],"_links":{"self":[{"href":"https:\/\/cmsf.sms.fortaleza.ce.gov.br\/index.php?rest_route=\/wp\/v2\/pages\/4756"}],"collection":[{"href":"https:\/\/cmsf.sms.fortaleza.ce.gov.br\/index.php?rest_route=\/wp\/v2\/pages"}],"about":[{"href":"https:\/\/cmsf.sms.fortaleza.ce.gov.br\/index.php?rest_route=\/wp\/v2\/types\/page"}],"author":[{"embeddable":true,"href":"https:\/\/cmsf.sms.fortaleza.ce.gov.br\/index.php?rest_route=\/wp\/v2\/users\/2"}],"replies":[{"embeddable":true,"href":"https:\/\/cmsf.sms.fortaleza.ce.gov.br\/index.php?rest_route=%2Fwp%2Fv2%2Fcomments&post=4756"}],"version-history":[{"count":17,"href":"https:\/\/cmsf.sms.fortaleza.ce.gov.br\/index.php?rest_route=\/wp\/v2\/pages\/4756\/revisions"}],"predecessor-version":[{"id":4878,"href":"https:\/\/cmsf.sms.fortaleza.ce.gov.br\/index.php?rest_route=\/wp\/v2\/pages\/4756\/revisions\/4878"}],"wp:attachment":[{"href":"https:\/\/cmsf.sms.fortaleza.ce.gov.br\/index.php?rest_route=%2Fwp%2Fv2%2Fmedia&parent=4756"}],"curies":[{"name":"wp","href":"https:\/\/api.w.org\/{rel}","templated":true}]}}