{"id":4308,"date":"2025-02-07T13:23:42","date_gmt":"2025-02-07T16:23:42","guid":{"rendered":"https:\/\/cmsf.sms.fortaleza.ce.gov.br\/?page_id=4308"},"modified":"2025-07-07T14:39:32","modified_gmt":"2025-07-07T17:39:32","slug":"3a-cmstt","status":"publish","type":"page","link":"https:\/\/cmsf.sms.fortaleza.ce.gov.br\/?page_id=4308","title":{"rendered":"3\u00aa CMSTT"},"content":{"rendered":"\n<p class=\"has-text-align-left\"><strong>As<\/strong>&nbsp;<strong>confer\u00eancias de sa\u00fade dos trabalhadores e das trabalhadoras<\/strong>&nbsp;permitem que a popula\u00e7\u00e3o brasileira contribua para a formula\u00e7\u00e3o de pol\u00edticas p\u00fablicas e direcione as a\u00e7\u00f5es de governo, em todas as esferas da federa\u00e7\u00e3o, em um sistema descentralizado e integrado de sa\u00fade. Entre os objetivos da confer\u00eancia est\u00e1 a possibilidade de debater, propor e deliberar propostas e linhas de a\u00e7\u00e3o para fortalecer uma pol\u00edtica p\u00fablica que repercuta na efetiva\u00e7\u00e3o do acesso \u00e0 sa\u00fade no SUS. Os conferencistas tamb\u00e9m dever\u00e3o avaliar os impactos de longo prazo da pandemia de Covid-19, inclusive sobre a sa\u00fade do trabalhador e da trabalhadora nos pr\u00f3ximos anos, com poss\u00edveis mudan\u00e7as na frequ\u00eancia dos agravos \u00e0 sa\u00fade, nas formas de sua apresenta\u00e7\u00e3o, e buscar respostas a essas mudan\u00e7as.<\/p>\n\n\n\n<p>O Conselho Municipal de Sa\u00fade de Fortaleza (CMSF), est\u00e1 em vias de organiza\u00e7\u00e3o da <strong>3\u00aa<\/strong> <strong>Confer\u00eancia de Sa\u00fade do Trabalhador e da Trabalhadora<\/strong>. Com o tema&nbsp;<strong>\u201cSa\u00fade do Trabalhador e da Trabalhadora como Direito Humano\u201d<\/strong>&nbsp;a 3\u00aa CMSTT ter\u00e1 tr\u00eas eixos:<\/p>\n\n\n\n<ol>\n<li>Pol\u00edtica Nacional de Sa\u00fade do Trabalhador e da Trabalhadora;<\/li>\n\n\n\n<li>As novas rela\u00e7\u00f5es de trabalho e a sa\u00fade do trabalhador e da trabalhadora;<\/li>\n\n\n\n<li>Participa\u00e7\u00e3o popular na sa\u00fade dos trabalhadores e das trabalhadoras para o Controle Social.<\/li>\n<\/ol>\n\n\n\n<p>Para maiores informa\u00e7\u00f5es, constam abaixo os manuais orientadores do Conselho Nacional de Sa\u00fade (CNS) e do Conselho Estadual de Sa\u00fade do Cear\u00e1 (CESAU\/CE).<\/p>\n\n\n\n<p><a href=\"https:\/\/www.gov.br\/conselho-nacional-de-saude\/pt-br\/assuntos\/conferencias\/5a-cnstt\/documento-orientador.pdf\" target=\"_blank\" rel=\"noreferrer noopener\">Manual Orientador do CNS sobre a 5\u00aa Confer\u00eancia Nacional de Sa\u00fade do Trabalhador e da Trabalhadora.<\/a><\/p>\n\n\n\n<p><a href=\"https:\/\/www.cesau.ce.gov.br\/wp-content\/uploads\/sites\/161\/2025\/01\/Manual-Orientador-5aCESTT.pdf\" target=\"_blank\" rel=\"noreferrer noopener\">Manual Orientador do CESAU\/CE sobre a 5\u00aa Confer\u00eancia Estadual de Sa\u00fade do Trabalhador e da Trabalhadora.<\/a><\/p>\n\n\n\n<p><a href=\"https:\/\/cmsf.sms.fortaleza.ce.gov.br\/wp-content\/uploads\/2025\/04\/Manual-do-Participante.pdf\" target=\"_blank\" rel=\"noreferrer noopener\">Manual Orientador do CMSF sobre a 3\u00aa Confer\u00eancia Municipal de Sa\u00fade do Trabalhador e da Trabalhadora.<\/a><\/p>\n\n\n\n<hr class=\"wp-block-separator has-alpha-channel-opacity\"\/>\n\n\n\n<p class=\"has-text-align-center\"><strong>DESTAQUE<\/strong><\/p>\n\n\n\n<p><a rel=\"noreferrer noopener\" href=\"https:\/\/drive.google.com\/file\/d\/17SDrC7k5Z0caomctFIy6v_uQn98zwaOV\/view?usp=sharing\" target=\"_blank\">Regimento da 3\u00aa Confer\u00eancia Municipal de Sa\u00fade do Trabalhador e da Trabalhadora<\/a><\/p>\n\n\n\n<p><a rel=\"noreferrer noopener\" usp=\"sharing&quot;\" href=\"https:\/\/cmsf.sms.fortaleza.ce.gov.br\/wp-content\/uploads\/2025\/03\/PROGRAMACAO.pdf\" target=\"_blank\">Programa\u00e7\u00e3o da 3\u00aa Confer\u00eancia Municipal de Sa\u00fade do Trabalhador e da Trabalhadora<\/a><\/p>\n\n\n\n<p><a rel=\"noreferrer noopener\" href=\"https:\/\/drive.google.com\/file\/d\/1F8Yp8G7EOSgsyBqceTe52kA9X0DEZ4U9\/view?usp=sharing\" target=\"_blank\">Relat\u00f3rio Final da 3\u00aa Confer\u00eancia Municipal de Sa\u00fade do Trabalhador e da Trabalhadora<\/a><\/p>\n\n\n\n<p><a href=\"https:\/\/drive.google.com\/drive\/folders\/1bj3Qhedy3an-pHZclJ8a2uEHSbMYVsuo?usp=sharing\" target=\"_blank\" rel=\"noreferrer noopener\">Certificados da 3\u00aa Confer\u00eancia Municipal de Sa\u00fade do Trabalhador e da Trabalhadora<\/a><\/p>\n","protected":false},"excerpt":{"rendered":"<p>As&nbsp;confer\u00eancias de sa\u00fade dos trabalhadores e das trabalhadoras&nbsp;permitem que a popula\u00e7\u00e3o brasileira contribua para a formula\u00e7\u00e3o de pol\u00edticas p\u00fablicas e direcione as a\u00e7\u00f5es de governo, em todas as esferas da federa\u00e7\u00e3o, em um sistema descentralizado e integrado de sa\u00fade. Entre os objetivos da confer\u00eancia est\u00e1 a possibilidade de debater, propor<\/p>\n","protected":false},"author":2,"featured_media":0,"parent":0,"menu_order":0,"comment_status":"closed","ping_status":"closed","template":"","meta":[],"_links":{"self":[{"href":"https:\/\/cmsf.sms.fortaleza.ce.gov.br\/index.php?rest_route=\/wp\/v2\/pages\/4308"}],"collection":[{"href":"https:\/\/cmsf.sms.fortaleza.ce.gov.br\/index.php?rest_route=\/wp\/v2\/pages"}],"about":[{"href":"https:\/\/cmsf.sms.fortaleza.ce.gov.br\/index.php?rest_route=\/wp\/v2\/types\/page"}],"author":[{"embeddable":true,"href":"https:\/\/cmsf.sms.fortaleza.ce.gov.br\/index.php?rest_route=\/wp\/v2\/users\/2"}],"replies":[{"embeddable":true,"href":"https:\/\/cmsf.sms.fortaleza.ce.gov.br\/index.php?rest_route=%2Fwp%2Fv2%2Fcomments&post=4308"}],"version-history":[{"count":15,"href":"https:\/\/cmsf.sms.fortaleza.ce.gov.br\/index.php?rest_route=\/wp\/v2\/pages\/4308\/revisions"}],"predecessor-version":[{"id":4630,"href":"https:\/\/cmsf.sms.fortaleza.ce.gov.br\/index.php?rest_route=\/wp\/v2\/pages\/4308\/revisions\/4630"}],"wp:attachment":[{"href":"https:\/\/cmsf.sms.fortaleza.ce.gov.br\/index.php?rest_route=%2Fwp%2Fv2%2Fmedia&parent=4308"}],"curies":[{"name":"wp","href":"https:\/\/api.w.org\/{rel}","templated":true}]}}