{"id":3219,"date":"2023-04-20T07:03:42","date_gmt":"2023-04-20T10:03:42","guid":{"rendered":"https:\/\/cmsf.sms.fortaleza.ce.gov.br\/?page_id=3219"},"modified":"2026-04-06T09:56:49","modified_gmt":"2026-04-06T12:56:49","slug":"instrumentos-de-gestao","status":"publish","type":"page","link":"https:\/\/cmsf.sms.fortaleza.ce.gov.br\/?page_id=3219","title":{"rendered":"Instrumentos de Gest\u00e3o"},"content":{"rendered":"\n<p><strong><mark style=\"background-color:rgba(0, 0, 0, 0)\" class=\"has-inline-color has-primary-color\">PLANO MUNICIPAL DE SA\u00daDE<\/mark><\/strong><\/p>\n\n\n\n<p>O Plano Municipal de Sa\u00fade (PMS) \u00e9 o instrumento central de planejamento para defini\u00e7\u00e3o e implementa\u00e7\u00e3o de todas as iniciativas no \u00e2mbito da sa\u00fade para o per\u00edodo de quatros anos.<\/p>\n\n\n\n<figure class=\"wp-block-table\"><table><tbody><tr><td colspan=\"5\"><strong><a href=\"https:\/\/drive.google.com\/file\/d\/1rwebIX8T2FXnpVX3tnq4jMtoVNT-DgGt\/view?usp=sharing\" target=\"_blank\" rel=\"noopener\">Volume 1 &#8211; An\u00e1lise Situacional de Sa\u00fade<\/a><\/strong><\/td><\/tr><tr><td colspan=\"5\"><a href=\"https:\/\/drive.google.com\/file\/d\/1PxhnI91wiCWyDtUKd7BgKawgGAGC79q1\/view?usp=sharing\" target=\"_blank\" rel=\"noopener\"><strong>Volume 2 &#8211; Diretrizes, Objetivos, Metas e Indicadores (DOMI)<\/strong><\/a><\/td><\/tr><tr><td colspan=\"5\"><strong><a href=\"https:\/\/drive.google.com\/file\/d\/1eOc2glipMxFvu0ixRPhA0YxvrRTyfLXm\/view?usp=sharing\" target=\"_blank\" rel=\"noopener\">Volume 3 &#8211; Ficha de Qualifica\u00e7\u00e3o dos Indicadores<\/a><\/strong><\/td><\/tr><\/tbody><\/table><\/figure>\n\n\n\n<p><strong><mark style=\"background-color:rgba(0, 0, 0, 0)\" class=\"has-inline-color has-primary-color\">PROGRAMA\u00c7\u00c3O ANUAL DA SA\u00daDE<\/mark><\/strong><\/p>\n\n\n\n<p>A Programa\u00e7\u00e3o Anual de Sa\u00fade (PAS) \u00e9 o instrumento que operacionaliza as inten\u00e7\u00f5es expressas no Plano de Sa\u00fade e que tem por objetivo anualizar as metas e prever a aloca\u00e7\u00e3o dos recursos or\u00e7ament\u00e1rios a serem executados.<\/p>\n\n\n\n<figure class=\"wp-block-table\"><table><tbody><tr><td colspan=\"5\"><strong><a href=\"https:\/\/drive.google.com\/file\/d\/1cRySOarZczwsH57etqSl55x1KwAsLnxQ\/view?usp=sharing\" target=\"_blank\" rel=\"noopener\">Programa\u00e7\u00e3o Anual de Sa\u00fade 2026<\/a><\/strong><\/td><\/tr><\/tbody><\/table><\/figure>\n\n\n\n<p><strong><mark style=\"background-color:rgba(0, 0, 0, 0)\" class=\"has-inline-color has-primary-color\">RELAT\u00d3RIO DETALHADO DO QUADRIMESTRE ANTERIOR<\/mark><\/strong><\/p>\n\n\n\n<p>O Relat\u00f3rio Detalhado do Quadrimestre Anterior (RDQA) \u00e9 um instrumento de monitoramento e acompanhamento da execu\u00e7\u00e3o da Programa\u00e7\u00e3o Anual de Sa\u00fade.<br>&nbsp;<\/p>\n\n\n\n<figure class=\"wp-block-table\"><table><tbody><tr><td colspan=\"5\"><strong>2026<\/strong><\/td><\/tr><tr><td colspan=\"2\"><strong><a href=\"#\" target=\"_blank\" rel=\"noopener\">1\u00ba Quadrimestre<\/a><\/strong><\/td><td colspan=\"2\"><strong><a href=\"#\" target=\"_blank\" rel=\"noopener\">2\u00ba Quadrimestre<\/a><\/strong><\/td><td colspan=\"2\"><strong><a href=\"#\" target=\"_blank\" rel=\"noopener\">3\u00ba Quadrimestre<\/a><\/strong><\/td><\/tr><\/tbody><\/table><\/figure>\n\n\n\n<p><\/p>\n\n\n\n<p><strong><mark style=\"background-color:rgba(0, 0, 0, 0)\" class=\"has-inline-color has-primary-color\">RELAT\u00d3RIO ANUAL DE GEST\u00c3O<\/mark><\/strong><\/p>\n\n\n\n<p>O Relat\u00f3rio Anual de Gest\u00e3o (RAG) \u00e9 um documento que mostra uma presta\u00e7\u00e3o de contas \u00e0 popula\u00e7\u00e3o e ao controle social sobre as realiza\u00e7\u00f5es anuais da pasta e as perspectivas para o Sistema \u00danico de Sa\u00fade (SUS).<\/p>\n\n\n\n<figure class=\"wp-block-table\"><table><tbody><tr><td colspan=\"2\"><strong><a href=\"https:\/\/drive.google.com\/file\/d\/1bsb4V1HJ43TKoaODwvSFYGHT049Er8w9\/view?usp=sharing\" target=\"_blank\" rel=\"noopener\">RAG 2005<\/a><\/strong><\/td><\/tr><tr><td colspan=\"2\"><strong><a href=\"https:\/\/drive.google.com\/file\/d\/1aBFtJjC9ZwFASit3ASgn-x3lZ1OMG5zX\/view?usp=sharing\" target=\"_blank\" rel=\"noopener\">RAG 2006<\/a><\/strong><\/td><\/tr><tr><td colspan=\"2\"><strong><a href=\"https:\/\/drive.google.com\/file\/d\/1tfQ5KnbA2Sfu3E3z1mEJNRvvEOL5H6wd\/view?usp=sharing\" target=\"_blank\" rel=\"noopener\">RAG 2007<\/a><\/strong><\/td><\/tr><tr><td colspan=\"2\"><strong><a href=\"https:\/\/drive.google.com\/file\/d\/1InHqti5DHugQrPsa6NJ5ne3tcV8p5P8z\/view?usp=sharing\" target=\"_blank\" rel=\"noopener\">RAG 2008<\/a><\/strong><\/td><\/tr><tr><td colspan=\"2\"><strong><a href=\"https:\/\/drive.google.com\/file\/d\/1i3k2qItGKGIgBMcADzMimndnlc7x6Aai\/view?usp=sharing\" target=\"_blank\" rel=\"noopener\">RAG 2009<\/a><\/strong><\/td><\/tr><tr><td colspan=\"2\"><strong><a href=\"https:\/\/drive.google.com\/file\/d\/1YYpu9dvoeNrQbE2vExy32L3JYYVBZkrw\/view?usp=sharing\" target=\"_blank\" rel=\"noopener\">RAG 2010<\/a><\/strong><\/td><\/tr><tr><td><strong><a href=\"https:\/\/cmsf.sms.fortaleza.ce.gov.br\/wp-content\/uploads\/2024\/08\/RAG-2011.pdf\">RAG 2011<\/a><\/strong><\/td><\/tr><tr><td><strong><a href=\"https:\/\/cmsf.sms.fortaleza.ce.gov.br\/wp-content\/uploads\/2024\/08\/RAG-2012.pdf\">RAG 2012<\/a><\/strong><\/td><\/tr><tr><td><strong><a href=\"https:\/\/cmsf.sms.fortaleza.ce.gov.br\/wp-content\/uploads\/2024\/08\/RAG-2013.pdf\">RAG 2013<\/a><\/strong><\/td><\/tr><tr><td><strong><a href=\"https:\/\/cmsf.sms.fortaleza.ce.gov.br\/wp-content\/uploads\/2024\/08\/RAG-2014.pdf\">RAG 2014<\/a><\/strong><\/td><\/tr><tr><td><strong><a href=\"https:\/\/cmsf.sms.fortaleza.ce.gov.br\/wp-content\/uploads\/2024\/08\/RAG-2015.pdf\">RAG 2015<\/a><\/strong><\/td><\/tr><tr><td><strong><a href=\"https:\/\/cmsf.sms.fortaleza.ce.gov.br\/wp-content\/uploads\/2024\/08\/RAG-2016.pdf\">RAG 2016<\/a><\/strong><\/td><\/tr><tr><td><strong><a href=\"https:\/\/cmsf.sms.fortaleza.ce.gov.br\/wp-content\/uploads\/2024\/08\/RAG-2017.pdf\">RAG 2017<\/a><\/strong><\/td><\/tr><tr><td><strong><a href=\"https:\/\/cmsf.sms.fortaleza.ce.gov.br\/wp-content\/uploads\/2024\/08\/RAG-2018.pdf\">RAG 2018<\/a><\/strong><\/td><\/tr><tr><td><strong><a href=\"https:\/\/cmsf.sms.fortaleza.ce.gov.br\/wp-content\/uploads\/2024\/08\/RAG-2019.pdf\">RAG 2019<\/a><\/strong><\/td><\/tr><tr><td><strong><a href=\"https:\/\/cmsf.sms.fortaleza.ce.gov.br\/wp-content\/uploads\/2024\/08\/RAG-2020.pdf\">RAG 2020<\/a><\/strong><\/td><\/tr><tr><td colspan=\"2\"><strong><a href=\"https:\/\/drive.google.com\/file\/d\/1ajWBL6TSs3yE7pj9pz1MK43BT2bPUu60\/view?usp=sharing\">RAG 2021<\/a><\/strong><\/td><\/tr><tr><td colspan=\"2\"><strong><a href=\"https:\/\/drive.google.com\/file\/d\/1Sl-zdh1wT-efPgR08ShorgHwvYMpvwnM\/view?usp=sharing\" target=\"_blank\" rel=\"noopener\">RAG 2022<\/a><\/strong><\/td><\/tr><tr><td><strong><a href=\"https:\/\/drive.google.com\/file\/d\/1qE2jc0TmABu9dPaM-nyPMExmEnb0yu9D\/view?usp=sharing\">RAG 2023<\/a><\/strong><\/td><\/tr><tr><td><strong><a href=\"https:\/\/drive.google.com\/file\/d\/1fXkFqJfzpKk-G-gUx663rhnhYKCfpcwN\/view?usp=sharing\">RAG 2024<\/a><\/strong><\/td><\/tr><\/tbody><\/table><\/figure>\n","protected":false},"excerpt":{"rendered":"<p>PLANO MUNICIPAL DE SA\u00daDE O Plano Municipal de Sa\u00fade (PMS) \u00e9 o instrumento central de planejamento para defini\u00e7\u00e3o e implementa\u00e7\u00e3o de todas as iniciativas no \u00e2mbito da sa\u00fade para o per\u00edodo de quatros anos. Volume 1 &#8211; An\u00e1lise Situacional de Sa\u00fade Volume 2 &#8211; Diretrizes, Objetivos, Metas e Indicadores (DOMI)<\/p>\n","protected":false},"author":2,"featured_media":0,"parent":0,"menu_order":0,"comment_status":"closed","ping_status":"closed","template":"","meta":[],"_links":{"self":[{"href":"https:\/\/cmsf.sms.fortaleza.ce.gov.br\/index.php?rest_route=\/wp\/v2\/pages\/3219"}],"collection":[{"href":"https:\/\/cmsf.sms.fortaleza.ce.gov.br\/index.php?rest_route=\/wp\/v2\/pages"}],"about":[{"href":"https:\/\/cmsf.sms.fortaleza.ce.gov.br\/index.php?rest_route=\/wp\/v2\/types\/page"}],"author":[{"embeddable":true,"href":"https:\/\/cmsf.sms.fortaleza.ce.gov.br\/index.php?rest_route=\/wp\/v2\/users\/2"}],"replies":[{"embeddable":true,"href":"https:\/\/cmsf.sms.fortaleza.ce.gov.br\/index.php?rest_route=%2Fwp%2Fv2%2Fcomments&post=3219"}],"version-history":[{"count":100,"href":"https:\/\/cmsf.sms.fortaleza.ce.gov.br\/index.php?rest_route=\/wp\/v2\/pages\/3219\/revisions"}],"predecessor-version":[{"id":4930,"href":"https:\/\/cmsf.sms.fortaleza.ce.gov.br\/index.php?rest_route=\/wp\/v2\/pages\/3219\/revisions\/4930"}],"wp:attachment":[{"href":"https:\/\/cmsf.sms.fortaleza.ce.gov.br\/index.php?rest_route=%2Fwp%2Fv2%2Fmedia&parent=3219"}],"curies":[{"name":"wp","href":"https:\/\/api.w.org\/{rel}","templated":true}]}}