{"id":3171,"date":"2023-04-19T10:02:18","date_gmt":"2023-04-19T13:02:18","guid":{"rendered":"https:\/\/cmsf.sms.fortaleza.ce.gov.br\/?page_id=3171"},"modified":"2024-04-10T14:36:24","modified_gmt":"2024-04-10T17:36:24","slug":"documentos-da-9a-conferencia-municipal-de-saude","status":"publish","type":"page","link":"https:\/\/cmsf.sms.fortaleza.ce.gov.br\/?page_id=3171","title":{"rendered":"Documentos da 9\u00aa Confer\u00eancia Municipal de Sa\u00fade"},"content":{"rendered":"<p><img decoding=\"async\" loading=\"lazy\" class=\"alignleft size-full wp-image-3156\" src=\"https:\/\/cmsf.sms.fortaleza.ce.gov.br\/wp-content\/uploads\/2024\/04\/Relatorio-final-1.png\" alt=\"\" width=\"8000\" height=\"1875\"><br \/>\n&nbsp;<\/p>\n<p><a href=\"https:\/\/drive.google.com\/file\/d\/1hnBn046Y9ZwjkQY8kcH0mCzGhpePZNl6\/view\"> Relat\u00f3rio Final da 9\u00aa Confer\u00eancia Municipal de Sa\u00fade de Fortaleza <\/a><\/p>\n<p><img decoding=\"async\" loading=\"lazy\" class=\"alignleft size-full wp-image-3156\" src=\"https:\/\/cmsf.sms.fortaleza.ce.gov.br\/wp-content\/uploads\/2023\/05\/Certificados.png\" alt=\"\" width=\"8000\" height=\"1875\"><\/p>\n<p>Os certificados estar\u00e3o em ordem alfab\u00e9tica, confira e baixe o seu! Qualquer problema, favor, entrar em contato com a Secretaria Executiva do CMSF.<\/p>\n<p><a href=\"https:\/\/drive.google.com\/drive\/folders\/1fem0fvewwReAFeV8kzCQgjBDxa2riI6D?usp=sharing\" target=\"_blank\" rel=\"noopener\">Conferencista da 9\u00aa Confer\u00eancia Municipal de Sa\u00fade <\/a><br \/>\n<a href=\"https:\/\/drive.google.com\/drive\/folders\/1e8qp1V2daTMWQ4KayvasJOt52g9BLUHI?usp=sharing\" target=\"_blank\" rel=\"noopener\">Convidados da 9\u00aa Confer\u00eancia Municipal de Sa\u00fade <\/a><br \/>\n<a href=\"https:\/\/drive.google.com\/drive\/folders\/1i8kBMPKPneNcB6VaxADJ-IEiczNWjpS7?usp=sharing\" target=\"_blank\" rel=\"noopener\">Coordenadores da 9\u00aa Confer\u00eancia Municipal de Sa\u00fade <\/a><br \/>\n<a href=\"https:\/\/drive.google.com\/drive\/folders\/1DsVRZ9mwpCu36t5nfR1SaH7KGWK89isJ?usp=sharing\" target=\"_blank\" rel=\"noopener\">Delegados da 9\u00aa Confer\u00eancia Municipal de Sa\u00fade<\/a><br \/>\n<a href=\"https:\/\/drive.google.com\/drive\/folders\/140PhGANsrOXxUJXGu3M2Bn3Ko_MFhfYC?usp=sharing\" target=\"_blank\" rel=\"noopener\">Facilitadores da 9\u00aa Confer\u00eancia Municipal de Sa\u00fade <\/a><br \/>\n<a href=\"https:\/\/drive.google.com\/drive\/folders\/1altc1A9xjpVzAsd4XMhVLH71Ofxa0Q2A?usp=sharing\" target=\"_blank\" rel=\"noopener\">Comiss\u00e3o Organizadora da 9\u00aa Confer\u00eancia Municipal de Sa\u00fade <\/a><br \/>\n<a href=\"https:\/\/drive.google.com\/drive\/folders\/1wyi_zWRZi6UwzyeORC5JhKg4fKd-8VqH?usp=sharing\" target=\"_blank\" rel=\"noopener\">Profissionais de libras da 9\u00aa Confer\u00eancia Municipal de Sa\u00fade <\/a><br \/>\n<a href=\"https:\/\/drive.google.com\/drive\/folders\/1XeGyobydW5IAxIt3f6FcvXhWIG7kcvsU?usp=sharing\" target=\"_blank\" rel=\"noopener\">Comiss\u00e3o de Relatoria da 9\u00aa Confer\u00eancia Municipal de Sa\u00fade <\/a><\/p>\n<p><img decoding=\"async\" loading=\"lazy\" class=\"alignleft size-full wp-image-3156\" src=\"https:\/\/cmsf.sms.fortaleza.ce.gov.br\/wp-content\/uploads\/2023\/04\/Delegados.png\" alt=\"\" width=\"8000\" height=\"1875\" srcset=\"https:\/\/cmsf.sms.fortaleza.ce.gov.br\/wp-content\/uploads\/2023\/04\/Delegados.png 8000w, https:\/\/cmsf.sms.fortaleza.ce.gov.br\/wp-content\/uploads\/2023\/04\/Delegados-300x70.png 300w, https:\/\/cmsf.sms.fortaleza.ce.gov.br\/wp-content\/uploads\/2023\/04\/Delegados-1024x240.png 1024w, https:\/\/cmsf.sms.fortaleza.ce.gov.br\/wp-content\/uploads\/2023\/04\/Delegados-768x180.png 768w, https:\/\/cmsf.sms.fortaleza.ce.gov.br\/wp-content\/uploads\/2023\/04\/Delegados-1536x360.png 1536w, https:\/\/cmsf.sms.fortaleza.ce.gov.br\/wp-content\/uploads\/2023\/04\/Delegados-2048x480.png 2048w\" sizes=\"(max-width: 8000px) 100vw, 8000px\" \/><\/p>\n<p>No dia 29 de Mar\u00e7o de 2023, realizou-se a elei\u00e7\u00e3o dos delegados por segmento, segue abaixo a listagem:<\/p>\n<p><a href=\"https:\/\/drive.google.com\/file\/d\/16V_t7lnZlLaEREru44nz7YKqsgmL80Ze\/view?usp=share_link\" target=\"_blank\" rel=\"attachment wp-att-3165 noopener\">USU\u00c1RIOS ELEITOS<\/a><\/p>\n<p><a href=\"https:\/\/drive.google.com\/file\/d\/1lFiKFGXdje1E0HzB-KCP3UNuk558DZAP\/view?usp=share_link\" target=\"_blank\" rel=\"attachment wp-att-3166 noopener\">PROFISSIONAIS ELEITOS<\/a><\/p>\n<p><a href=\"https:\/\/drive.google.com\/file\/d\/1Mh6-57AZFZUIb1mOfvK8tSK_6_8IzDOZ\/view?usp=share_link\" target=\"_blank\" rel=\"attachment wp-att-3167 noopener\">GESTORES ELEITOS<\/a><\/p>\n<p><img decoding=\"async\" loading=\"lazy\" class=\"alignleft size-full wp-image-3172\" src=\"https:\/\/cmsf.sms.fortaleza.ce.gov.br\/wp-content\/uploads\/2023\/04\/Propostas.png\" alt=\"\" width=\"8000\" height=\"1875\" srcset=\"https:\/\/cmsf.sms.fortaleza.ce.gov.br\/wp-content\/uploads\/2023\/04\/Propostas.png 8000w, https:\/\/cmsf.sms.fortaleza.ce.gov.br\/wp-content\/uploads\/2023\/04\/Propostas-300x70.png 300w, https:\/\/cmsf.sms.fortaleza.ce.gov.br\/wp-content\/uploads\/2023\/04\/Propostas-1024x240.png 1024w, https:\/\/cmsf.sms.fortaleza.ce.gov.br\/wp-content\/uploads\/2023\/04\/Propostas-768x180.png 768w, https:\/\/cmsf.sms.fortaleza.ce.gov.br\/wp-content\/uploads\/2023\/04\/Propostas-1536x360.png 1536w, https:\/\/cmsf.sms.fortaleza.ce.gov.br\/wp-content\/uploads\/2023\/04\/Propostas-2048x480.png 2048w\" sizes=\"(max-width: 8000px) 100vw, 8000px\" \/><\/p>\n<p>No dia 29 de Mar\u00e7o de 2023, realizou-se tamb\u00e9m a vota\u00e7\u00e3o das propostas debatidas nos eixos da 9\u00aa CMS, segue abaixo a listagem com as propostas:<\/p>\n<p><a href=\"https:\/\/drive.google.com\/file\/d\/1nI460H3HromzA1mDd1WK1K5t1c89VwWU\/view?usp=share_link\" target=\"_blank\" rel=\"attachment wp-att-3173 noopener\">PROPOSTAS POR SEGMENTO<\/a><\/p>\n<p><img decoding=\"async\" loading=\"lazy\" class=\"alignleft size-full wp-image-3174\" src=\"https:\/\/cmsf.sms.fortaleza.ce.gov.br\/wp-content\/uploads\/2023\/04\/Mocoes.png\" alt=\"\" width=\"8000\" height=\"1875\" srcset=\"https:\/\/cmsf.sms.fortaleza.ce.gov.br\/wp-content\/uploads\/2023\/04\/Mocoes.png 8000w, https:\/\/cmsf.sms.fortaleza.ce.gov.br\/wp-content\/uploads\/2023\/04\/Mocoes-300x70.png 300w, https:\/\/cmsf.sms.fortaleza.ce.gov.br\/wp-content\/uploads\/2023\/04\/Mocoes-1024x240.png 1024w, https:\/\/cmsf.sms.fortaleza.ce.gov.br\/wp-content\/uploads\/2023\/04\/Mocoes-768x180.png 768w, https:\/\/cmsf.sms.fortaleza.ce.gov.br\/wp-content\/uploads\/2023\/04\/Mocoes-1536x360.png 1536w, https:\/\/cmsf.sms.fortaleza.ce.gov.br\/wp-content\/uploads\/2023\/04\/Mocoes-2048x480.png 2048w\" sizes=\"(max-width: 8000px) 100vw, 8000px\" \/><\/p>\n<p>No dia 29 de Mar\u00e7o de 2023, realizou-se tamb\u00e9m a leitura das mo\u00e7\u00f5es, seguem abaixo as mo\u00e7\u00f5es:<\/p>\n<h3>Mo\u00e7\u00e3o de Recomenda\u00e7\u00e3o<\/h3>\n<p><a href=\"https:\/\/drive.google.com\/file\/d\/17zWDmJ_nQ9rP--BI2Ns_IWqFXdl1Bhb_\/view?usp=share_link\" target=\"_blank\" rel=\"attachment wp-att-3175 noopener\">MO\u00c7\u00c3O DE RECOMENDA\u00c7\u00c3O &#8211; ALTERA\u00c7\u00c3O DA NOMENCLATURA DE LOCAIS P\u00daBLICOS<\/a><\/p>\n<p><a href=\"https:\/\/drive.google.com\/file\/d\/15OzLXelzHMIu8z5TFNcgdjFyUHcDXrnr\/view?usp=share_link\" target=\"_blank\" rel=\"attachment wp-att-3176 noopener\">MO\u00c7\u00c3O DE RECOMENDA\u00c7\u00c3O &#8211; CONCURSO P\u00daBLICO APS<\/a><\/p>\n<p><a href=\"https:\/\/drive.google.com\/file\/d\/1ZgWe33JaJdVEc1D17KP5NLzmoRodJKME\/view?usp=share_link\" target=\"_blank\" rel=\"attachment wp-att-3177 noopener\">MO\u00c7\u00c3O DE RECOMENDA\u00c7\u00c3O &#8211; FECHAMENTO DAS URG\u00caNCIAS E EMERG\u00caNCIAS DOS HOSPITAIS<\/a><\/p>\n<p><a href=\"https:\/\/drive.google.com\/file\/d\/1t6dIsnBMb4lvN3e2red-AbAOa2xmX--3\/view?usp=share_link\" target=\"_blank\" rel=\"attachment wp-att-3178 noopener\">MO\u00c7\u00c3O DE RECOMENDA\u00c7\u00c3O &#8211; GARANTIA DE CONDI\u00c7\u00d5ES PARA O TRABALHO DOS ENDEMIAS<\/a><\/p>\n<p><a href=\"https:\/\/drive.google.com\/file\/d\/1nOmX8TfztcW4-XZxbtQS1U6cw-IJII2n\/view?usp=share_link\" target=\"_blank\" rel=\"attachment wp-att-3179 noopener\">MO\u00c7\u00c3O DE RECOMENDA\u00c7\u00c3O &#8211; IMPLANTA\u00c7\u00c3O DE BOX&#8217;S DE ZOONOSES NAS UAPS<\/a><\/p>\n<p><a href=\"https:\/\/drive.google.com\/file\/d\/1spnMq95c3cA-ytdsT0KT6r2fiFoFIoGC\/view?usp=share_link\" target=\"_blank\" rel=\"attachment wp-att-3180 noopener\">MO\u00c7\u00c3O DE RECOMENDA\u00c7\u00c3O &#8211; LINHA DE CUIDADO DA FISSURA LABIOPALATINA<\/a><\/p>\n<p><a href=\"https:\/\/drive.google.com\/file\/d\/1Cciz98Y_J-b3Q0OCfKhnS2LIBt7AhEkK\/view?usp=share_link\" target=\"_blank\" rel=\"attachment wp-att-3181 noopener\">MO\u00c7\u00c3O DE RECOMENDA\u00c7\u00c3O &#8211; REVOGA\u00c7\u00c3O DA EC 95-2016<\/a><\/p>\n<p><a href=\"https:\/\/drive.google.com\/file\/d\/1U_d3nvLoHjS4pdSZ15KSsNUiKIPwa9QW\/view?usp=share_link\" target=\"_blank\" rel=\"attachment wp-att-3182 noopener\">MO\u00c7\u00c3O DE RECOMENDA\u00c7\u00c3O &#8211; SISTEMA DE REGULA\u00c7\u00c3O<\/a><\/p>\n<h3>Mo\u00e7\u00e3o de Rep\u00fadio<\/h3>\n<p><a href=\"https:\/\/drive.google.com\/file\/d\/1tlT0tM6Qo7UT-BlUza_U2RwmcHaDNqzr\/view?usp=share_link\" target=\"_blank\" rel=\"attachment wp-att-3183 noopener\">MO\u00c7\u00c3O DE REP\u00daDIO &#8211; AGRAVO DA SA\u00daDE<\/a><\/p>\n<p><a href=\"https:\/\/drive.google.com\/file\/d\/1v9J32KbRG7z8GjUQo4-P-IKjzwLikKtx\/view?usp=share_link\" target=\"_blank\" rel=\"attachment wp-att-3184 noopener\">MO\u00c7\u00c3O DE REP\u00daDIO &#8211; AO MINISTRO LUIZ ROBERTO BARROSO<\/a><\/p>\n<p><a href=\"https:\/\/drive.google.com\/file\/d\/1Ghs65ZJmkAJ2zIcJrRdrEPoPm0rEXuGb\/view?usp=share_link\" target=\"_blank\" rel=\"attachment wp-att-3185 noopener\">MO\u00c7\u00c3O DE REP\u00daDIO &#8211; AO PREFEITO JOS\u00c9 SARTO NOGUEIRA<\/a><\/p>\n<p><a href=\"https:\/\/drive.google.com\/file\/d\/15FSIFH6Axn0Nnz8XLyIr82Lk__SRm_Lb\/view?usp=share_link\" target=\"_blank\" rel=\"attachment wp-att-3186 noopener\">MO\u00c7\u00c3O DE REP\u00daDIO &#8211; DISTRIBUI\u00c7\u00c3O DE VAGAS PARA A CONFER\u00caNCIA ESTADUAL<\/a><\/p>\n<p><a href=\"https:\/\/drive.google.com\/file\/d\/1rrMJVWs65d95zbYF38YzyNqnjVFkjrdz\/view?usp=share_link\" target=\"_blank\" rel=\"attachment wp-att-3187 noopener\">MO\u00c7\u00c3O DE REP\u00daDIO &#8211; DOS TRABALHADORES DA SA\u00daDE MENTAL<\/a><\/p>\n<p><a href=\"https:\/\/drive.google.com\/file\/d\/1lLJTdDmyHkX9xtBSAabhuEe32Hf7PEek\/view?usp=share_link\" target=\"_blank\" rel=\"attachment wp-att-3188 noopener\">MO\u00c7\u00c3O DE REP\u00daDIO &#8211; EXTIN\u00c7\u00c3O DA FUNASA<\/a><\/p>\n<p><a href=\"https:\/\/drive.google.com\/file\/d\/1uq1F1UuDs9xL0lu9hfjRYVQ3UGrzr-4g\/view?usp=share_link\" target=\"_blank\" rel=\"attachment wp-att-3189 noopener\">MO\u00c7\u00c3O DE REP\u00daDIO &#8211; FAGIFOR<\/a><\/p>\n<p><a href=\"https:\/\/drive.google.com\/file\/d\/1f4mYhEQZGd8Rp974I-1D0AuKGr-j1sxL\/view?usp=share_link\" target=\"_blank\" rel=\"attachment wp-att-3189 noopener\">MO\u00c7\u00c3O DE REP\u00daDIO &#8211; SOBRE O IMPEDIMENTO DE PARTICIPA\u00c7\u00c3O DA TV ASSEMBLEIA NA CONFER\u00caNCIA<\/a><\/p>\n<h3>Mo\u00e7\u00e3o de Indigna\u00e7\u00e3o<\/h3>\n<p><a href=\"https:\/\/drive.google.com\/file\/d\/1e8lyVD2pKu916AYDzOoKfuHR04YoQXOz\/view?usp=share_link\" target=\"_blank\" rel=\"attachment wp-att-3190 noopener\">MO\u00c7\u00c3O DE INDIGNA\u00c7\u00c3O &#8211; POLICLINICA PARA REGIONAL I<\/a><\/p>\n<p><img decoding=\"async\" loading=\"lazy\" width=\"1024\" height=\"240\" src=\"https:\/\/cmsf.sms.fortaleza.ce.gov.br\/wp-content\/uploads\/2023\/04\/Orientadores-1024x240.png\" alt=\"\" class=\"wp-image-3200\" srcset=\"https:\/\/cmsf.sms.fortaleza.ce.gov.br\/wp-content\/uploads\/2023\/04\/Orientadores-1024x240.png 1024w, https:\/\/cmsf.sms.fortaleza.ce.gov.br\/wp-content\/uploads\/2023\/04\/Orientadores-300x70.png 300w, https:\/\/cmsf.sms.fortaleza.ce.gov.br\/wp-content\/uploads\/2023\/04\/Orientadores-768x180.png 768w, https:\/\/cmsf.sms.fortaleza.ce.gov.br\/wp-content\/uploads\/2023\/04\/Orientadores-1536x360.png 1536w, https:\/\/cmsf.sms.fortaleza.ce.gov.br\/wp-content\/uploads\/2023\/04\/Orientadores-2048x480.png 2048w\" sizes=\"(max-width: 1024px) 100vw, 1024px\" \/><\/p>\n<p><a href=\"https:\/\/drive.google.com\/file\/d\/1dgkefrXXAa4Lrt5QEWq4cY83j17A0KSH\/view?usp=share_link\" target=\"_blank\" rel=\"noopener\"> MANUAL DO PARTICIPANTE <\/a><br \/>\n<a href=\"https:\/\/drive.google.com\/file\/d\/1kqCmP7sZOgZ_neGahzk-7km93ik877pG\/view?usp=share_link\" target=\"_blank\" rel=\"noopener\"> REGIMENTO INTERNO DA 9\u00aa CMS<\/a><br \/>\n<a href=\"https:\/\/drive.google.com\/file\/d\/13E0JjiQoTz5y27DCQ7jTw8NjRcQ6l1mc\/view?usp=share_link\" target=\"_blank\" rel=\"noopener\"> DOCUMENTO ORIENTADOR DO CONSELHO NACIONAL DE SA\u00daDE<\/a><\/p>\n","protected":false},"excerpt":{"rendered":"<p>&nbsp; Relat\u00f3rio Final da 9\u00aa Confer\u00eancia Municipal de Sa\u00fade de Fortaleza Os certificados estar\u00e3o em ordem alfab\u00e9tica, confira e baixe o seu! Qualquer problema, favor, entrar em contato com a Secretaria Executiva do CMSF. Conferencista da 9\u00aa Confer\u00eancia Municipal de Sa\u00fade Convidados da 9\u00aa Confer\u00eancia Municipal de Sa\u00fade Coordenadores da<\/p>\n","protected":false},"author":2,"featured_media":0,"parent":0,"menu_order":0,"comment_status":"closed","ping_status":"closed","template":"","meta":[],"_links":{"self":[{"href":"https:\/\/cmsf.sms.fortaleza.ce.gov.br\/index.php?rest_route=\/wp\/v2\/pages\/3171"}],"collection":[{"href":"https:\/\/cmsf.sms.fortaleza.ce.gov.br\/index.php?rest_route=\/wp\/v2\/pages"}],"about":[{"href":"https:\/\/cmsf.sms.fortaleza.ce.gov.br\/index.php?rest_route=\/wp\/v2\/types\/page"}],"author":[{"embeddable":true,"href":"https:\/\/cmsf.sms.fortaleza.ce.gov.br\/index.php?rest_route=\/wp\/v2\/users\/2"}],"replies":[{"embeddable":true,"href":"https:\/\/cmsf.sms.fortaleza.ce.gov.br\/index.php?rest_route=%2Fwp%2Fv2%2Fcomments&post=3171"}],"version-history":[{"count":17,"href":"https:\/\/cmsf.sms.fortaleza.ce.gov.br\/index.php?rest_route=\/wp\/v2\/pages\/3171\/revisions"}],"predecessor-version":[{"id":3872,"href":"https:\/\/cmsf.sms.fortaleza.ce.gov.br\/index.php?rest_route=\/wp\/v2\/pages\/3171\/revisions\/3872"}],"wp:attachment":[{"href":"https:\/\/cmsf.sms.fortaleza.ce.gov.br\/index.php?rest_route=%2Fwp%2Fv2%2Fmedia&parent=3171"}],"curies":[{"name":"wp","href":"https:\/\/api.w.org\/{rel}","templated":true}]}}