{"id":3095,"date":"2023-04-18T07:46:37","date_gmt":"2023-04-18T10:46:37","guid":{"rendered":"https:\/\/cmsf.sms.fortaleza.ce.gov.br\/?page_id=3095"},"modified":"2026-01-12T16:51:39","modified_gmt":"2026-01-12T19:51:39","slug":"inicio-3","status":"publish","type":"page","link":"https:\/\/cmsf.sms.fortaleza.ce.gov.br\/","title":{"rendered":"INICIO"},"content":{"rendered":"\n<div class=\"wp-block-columns is-layout-flex wp-container-2\">\n<div class=\"wp-block-column is-vertically-aligned-center is-layout-flow\">\n<figure class=\"wp-block-pullquote\"><blockquote><p><strong><mark style=\"background-color:rgba(0, 0, 0, 0)\" class=\"has-inline-color has-black-color\">DESTAQUES<\/mark><\/strong><\/p><cite>Acesse as Confer\u00eancias, outros sites de \u00f3rg\u00e3os de Controle Social e da Sa\u00fade do Municipio de Fortaleza <\/cite><\/blockquote><\/figure>\n<\/div>\n<\/div>\n\n\n\n<div class=\"wp-block-columns is-layout-flex wp-container-6\">\n<div class=\"wp-block-column is-layout-flow\"><div class=\"wp-block-image\">\n<figure class=\"aligncenter size-full is-resized\"><a href=\"https:\/\/cmsf.sms.fortaleza.ce.gov.br\/?page_id=4308\" target=\"_blank\" rel=\"noreferrer noopener\"><img decoding=\"async\" loading=\"lazy\" src=\"https:\/\/cmsf.sms.fortaleza.ce.gov.br\/wp-content\/uploads\/2025\/05\/3a-CMSTT-Vertical.png\" alt=\"\" class=\"wp-image-4426\" width=\"140\" height=\"130\"\/><\/a><\/figure><\/div><\/div>\n\n\n\n<div class=\"wp-block-column is-layout-flow\">\n<figure class=\"wp-block-image size-large\"><a href=\"https:\/\/cmsf.sms.fortaleza.ce.gov.br\/?page_id=3171\" target=\"_blank\" rel=\"noreferrer noopener\"><img decoding=\"async\" loading=\"lazy\" width=\"1024\" height=\"451\" src=\"https:\/\/cmsf.sms.fortaleza.ce.gov.br\/wp-content\/uploads\/2024\/08\/Horiz-1024x451.png\" alt=\"\" class=\"wp-image-4204\" srcset=\"https:\/\/cmsf.sms.fortaleza.ce.gov.br\/wp-content\/uploads\/2024\/08\/Horiz-1024x451.png 1024w, https:\/\/cmsf.sms.fortaleza.ce.gov.br\/wp-content\/uploads\/2024\/08\/Horiz-300x132.png 300w, https:\/\/cmsf.sms.fortaleza.ce.gov.br\/wp-content\/uploads\/2024\/08\/Horiz-768x338.png 768w, https:\/\/cmsf.sms.fortaleza.ce.gov.br\/wp-content\/uploads\/2024\/08\/Horiz-1536x676.png 1536w, https:\/\/cmsf.sms.fortaleza.ce.gov.br\/wp-content\/uploads\/2024\/08\/Horiz-2048x901.png 2048w\" sizes=\"(max-width: 1024px) 100vw, 1024px\" \/><\/a><\/figure>\n<\/div>\n\n\n\n<div class=\"wp-block-column is-layout-flow\">\n<figure class=\"wp-block-image size-full\"><a href=\"https:\/\/cmsf.sms.fortaleza.ce.gov.br\/?page_id=4028\" target=\"_blank\" rel=\"noreferrer noopener\"><img decoding=\"async\" loading=\"lazy\" width=\"21090\" height=\"10583\" src=\"https:\/\/cmsf.sms.fortaleza.ce.gov.br\/wp-content\/uploads\/2024\/08\/2a-cmgtes-sem-fundo-1.png\" alt=\"\" class=\"wp-image-4203\"\/><\/a><\/figure>\n<\/div>\n<\/div>\n\n\n\n<div class=\"wp-block-columns is-layout-flex wp-container-10\">\n<div class=\"wp-block-column is-layout-flow\">\n<figure class=\"wp-block-image size-full\"><a href=\"https:\/\/www.gov.br\/conselho-nacional-de-saude\/pt-br\" target=\"_blank\" rel=\"noreferrer noopener\"><img decoding=\"async\" loading=\"lazy\" width=\"937\" height=\"266\" src=\"https:\/\/cmsf.sms.fortaleza.ce.gov.br\/wp-content\/uploads\/2024\/08\/logo_cns-1-removebg-preview.png\" alt=\"\" class=\"wp-image-4218\" srcset=\"https:\/\/cmsf.sms.fortaleza.ce.gov.br\/wp-content\/uploads\/2024\/08\/logo_cns-1-removebg-preview.png 937w, https:\/\/cmsf.sms.fortaleza.ce.gov.br\/wp-content\/uploads\/2024\/08\/logo_cns-1-removebg-preview-300x85.png 300w, https:\/\/cmsf.sms.fortaleza.ce.gov.br\/wp-content\/uploads\/2024\/08\/logo_cns-1-removebg-preview-768x218.png 768w\" sizes=\"(max-width: 937px) 100vw, 937px\" \/><\/a><\/figure>\n<\/div>\n\n\n\n<div class=\"wp-block-column is-layout-flow\">\n<figure class=\"wp-block-image size-full\"><a href=\"https:\/\/www.cesau.ce.gov.br\/\" target=\"_blank\" rel=\"noreferrer noopener\"><img decoding=\"async\" loading=\"lazy\" width=\"453\" height=\"168\" src=\"https:\/\/cmsf.sms.fortaleza.ce.gov.br\/wp-content\/uploads\/2024\/08\/cesau.png\" alt=\"\" class=\"wp-image-4215\" srcset=\"https:\/\/cmsf.sms.fortaleza.ce.gov.br\/wp-content\/uploads\/2024\/08\/cesau.png 453w, https:\/\/cmsf.sms.fortaleza.ce.gov.br\/wp-content\/uploads\/2024\/08\/cesau-300x111.png 300w, https:\/\/cmsf.sms.fortaleza.ce.gov.br\/wp-content\/uploads\/2024\/08\/cesau-450x168.png 450w\" sizes=\"(max-width: 453px) 100vw, 453px\" \/><\/a><\/figure>\n<\/div>\n\n\n\n<div class=\"wp-block-column is-layout-flow\"><div class=\"wp-block-image\">\n<figure class=\"aligncenter size-large is-resized\"><a href=\"https:\/\/intranet.sms.fortaleza.ce.gov.br\/\" target=\"_blank\" rel=\"noreferrer noopener\"><img decoding=\"async\" loading=\"lazy\" src=\"https:\/\/cmsf.sms.fortaleza.ce.gov.br\/wp-content\/uploads\/2025\/05\/SEC_SAUDE_CVR-01-1024x952.png\" alt=\"\" class=\"wp-image-4427\" width=\"159\" height=\"147\" srcset=\"https:\/\/cmsf.sms.fortaleza.ce.gov.br\/wp-content\/uploads\/2025\/05\/SEC_SAUDE_CVR-01-1024x952.png 1024w, https:\/\/cmsf.sms.fortaleza.ce.gov.br\/wp-content\/uploads\/2025\/05\/SEC_SAUDE_CVR-01-300x279.png 300w, https:\/\/cmsf.sms.fortaleza.ce.gov.br\/wp-content\/uploads\/2025\/05\/SEC_SAUDE_CVR-01-768x714.png 768w, https:\/\/cmsf.sms.fortaleza.ce.gov.br\/wp-content\/uploads\/2025\/05\/SEC_SAUDE_CVR-01-1536x1428.png 1536w, https:\/\/cmsf.sms.fortaleza.ce.gov.br\/wp-content\/uploads\/2025\/05\/SEC_SAUDE_CVR-01-2048x1904.png 2048w\" sizes=\"(max-width: 159px) 100vw, 159px\" \/><\/a><\/figure><\/div><\/div>\n<\/div>\n","protected":false},"excerpt":{"rendered":"<p>DESTAQUES Acesse as Confer\u00eancias, outros sites de \u00f3rg\u00e3os de Controle Social e da Sa\u00fade do Municipio de Fortaleza<\/p>\n","protected":false},"author":2,"featured_media":0,"parent":0,"menu_order":0,"comment_status":"closed","ping_status":"closed","template":"","meta":[],"_links":{"self":[{"href":"https:\/\/cmsf.sms.fortaleza.ce.gov.br\/index.php?rest_route=\/wp\/v2\/pages\/3095"}],"collection":[{"href":"https:\/\/cmsf.sms.fortaleza.ce.gov.br\/index.php?rest_route=\/wp\/v2\/pages"}],"about":[{"href":"https:\/\/cmsf.sms.fortaleza.ce.gov.br\/index.php?rest_route=\/wp\/v2\/types\/page"}],"author":[{"embeddable":true,"href":"https:\/\/cmsf.sms.fortaleza.ce.gov.br\/index.php?rest_route=\/wp\/v2\/users\/2"}],"replies":[{"embeddable":true,"href":"https:\/\/cmsf.sms.fortaleza.ce.gov.br\/index.php?rest_route=%2Fwp%2Fv2%2Fcomments&post=3095"}],"version-history":[{"count":231,"href":"https:\/\/cmsf.sms.fortaleza.ce.gov.br\/index.php?rest_route=\/wp\/v2\/pages\/3095\/revisions"}],"predecessor-version":[{"id":4872,"href":"https:\/\/cmsf.sms.fortaleza.ce.gov.br\/index.php?rest_route=\/wp\/v2\/pages\/3095\/revisions\/4872"}],"wp:attachment":[{"href":"https:\/\/cmsf.sms.fortaleza.ce.gov.br\/index.php?rest_route=%2Fwp%2Fv2%2Fmedia&parent=3095"}],"curies":[{"name":"wp","href":"https:\/\/api.w.org\/{rel}","templated":true}]}}