{"id":2881,"date":"2022-09-20T09:30:51","date_gmt":"2022-09-20T12:30:51","guid":{"rendered":"https:\/\/cmsf.sms.fortaleza.ce.gov.br\/?page_id=2881"},"modified":"2023-07-04T09:15:37","modified_gmt":"2023-07-04T12:15:37","slug":"conferencias-livres-de-saude","status":"publish","type":"page","link":"https:\/\/cmsf.sms.fortaleza.ce.gov.br\/?page_id=2881","title":{"rendered":"Confer\u00eancias Livres de Sa\u00fade"},"content":{"rendered":"<p>Sobre as Confer\u00eancias Livres de Sa\u00fade:<\/p>\n<p>As confer\u00eancias livres fazem parte dos mecanismos de participa\u00e7\u00e3o social em sa\u00fade, mas ao contr\u00e1rio dos processos oficiais, n\u00e3o seguem formalidades como qu\u00f3rum m\u00ednimo, representatividade por segmentos ou elei\u00e7\u00e3o de delegados para a etapa principal.<\/p>\n<p><a href=\"https:\/\/drive.google.com\/file\/d\/1OJ2YNKubGJty0qAeBxDbCpQsFYNb18jM\/view?usp=sharing\" target=\"_blank\" rel=\"noopener\"> CONFER\u00caNCIA LIVRE DE SA\u00daDE BUCAL<\/a><\/p>\n<p><a href=\"https:\/\/drive.google.com\/file\/d\/1rUjkMyjSkoPqUKfkzKEVaqDhCEfBUHDb\/view?usp=sharing\" target=\"_blank\" rel=\"noopener\"> CONFER\u00caNCIA LIVRE DE SA\u00daDE DO IDOSO<\/a><\/p>\n<p><a href=\"https:\/\/drive.google.com\/file\/d\/1aRnq8N6gEktNzRiJDdE92Fe7cy3uf_c6\/view?usp=sharing\" target=\"_blank\" rel=\"noopener\"> CONFER\u00caNCIA LIVRE DE SA\u00daDE MENTAL<\/a><\/p>\n<p><a href=\"https:\/\/drive.google.com\/file\/d\/1Y_iN1shROcMKBR156sw5xc0w2Vva-piD\/view?usp=sharing\" target=\"_blank\" rel=\"noopener\"> CONFER\u00caNCIA LIVRE DE ASSIST\u00caNCIA FARMAC\u00caUTICA<\/a><\/p>\n<p><a href=\"https:\/\/drive.google.com\/file\/d\/1oQ3F2OiRbHE0RI2snaaZasiXOth4vehN\/view?usp=sharing\" target=\"_blank\" rel=\"noopener\"> CONFER\u00caNCIA LIVRE DE EDUCA\u00c7\u00c3O POPULAR<\/a><\/p>\n","protected":false},"excerpt":{"rendered":"<p>Sobre as Confer\u00eancias Livres de Sa\u00fade: As confer\u00eancias livres fazem parte dos mecanismos de participa\u00e7\u00e3o social em sa\u00fade, mas ao contr\u00e1rio dos processos oficiais, n\u00e3o seguem formalidades como qu\u00f3rum m\u00ednimo, representatividade por segmentos ou elei\u00e7\u00e3o de delegados para a etapa principal. CONFER\u00caNCIA LIVRE DE SA\u00daDE BUCAL CONFER\u00caNCIA LIVRE DE SA\u00daDE<\/p>\n","protected":false},"author":2,"featured_media":0,"parent":0,"menu_order":0,"comment_status":"closed","ping_status":"open","template":"","meta":[],"_links":{"self":[{"href":"https:\/\/cmsf.sms.fortaleza.ce.gov.br\/index.php?rest_route=\/wp\/v2\/pages\/2881"}],"collection":[{"href":"https:\/\/cmsf.sms.fortaleza.ce.gov.br\/index.php?rest_route=\/wp\/v2\/pages"}],"about":[{"href":"https:\/\/cmsf.sms.fortaleza.ce.gov.br\/index.php?rest_route=\/wp\/v2\/types\/page"}],"author":[{"embeddable":true,"href":"https:\/\/cmsf.sms.fortaleza.ce.gov.br\/index.php?rest_route=\/wp\/v2\/users\/2"}],"replies":[{"embeddable":true,"href":"https:\/\/cmsf.sms.fortaleza.ce.gov.br\/index.php?rest_route=%2Fwp%2Fv2%2Fcomments&post=2881"}],"version-history":[{"count":7,"href":"https:\/\/cmsf.sms.fortaleza.ce.gov.br\/index.php?rest_route=\/wp\/v2\/pages\/2881\/revisions"}],"predecessor-version":[{"id":3435,"href":"https:\/\/cmsf.sms.fortaleza.ce.gov.br\/index.php?rest_route=\/wp\/v2\/pages\/2881\/revisions\/3435"}],"wp:attachment":[{"href":"https:\/\/cmsf.sms.fortaleza.ce.gov.br\/index.php?rest_route=%2Fwp%2Fv2%2Fmedia&parent=2881"}],"curies":[{"name":"wp","href":"https:\/\/api.w.org\/{rel}","templated":true}]}}