{"id":2867,"date":"2022-09-20T09:08:19","date_gmt":"2022-09-20T12:08:19","guid":{"rendered":"https:\/\/cmsf.sms.fortaleza.ce.gov.br\/?page_id=2867"},"modified":"2024-08-26T09:18:10","modified_gmt":"2024-08-26T12:18:10","slug":"conferencias-tematicas-de-saude","status":"publish","type":"page","link":"https:\/\/cmsf.sms.fortaleza.ce.gov.br\/?page_id=2867","title":{"rendered":"Confer\u00eancias Tem\u00e1ticas de Sa\u00fade"},"content":{"rendered":"\n<p>Sobre as Confer\u00eancias Tem\u00e1ticas de Sa\u00fade:<\/p>\n\n\n\n<p>As Confer\u00eancias Tem\u00e1ticas oportunizam a participa\u00e7\u00e3o direta da popula\u00e7\u00e3o, por meio do di\u00e1logo entre sociedade civil e governos para debater, avaliar e propor diretrizes de temas espec\u00edficos e de interesse p\u00fablico, vinculados \u00e0s pol\u00edticas p\u00fablicas e aos direitos de grupos espec\u00edficos.<\/p>\n\n\n\n<h3 class=\"wp-block-heading\">SA\u00daDE MENTAL<\/h3>\n\n\n\n<p><a href=\"https:\/\/drive.google.com\/file\/d\/10vD9nTC9Tc_WQLf3_6fS3IezWWQaN6_U\/view?usp=sharing\" target=\"_blank\" rel=\"noopener\"> I CONFER\u00caNCIA MUNICIPAL DE SA\u00daDE MENTAL<\/a><br><a href=\"https:\/\/drive.google.com\/file\/d\/1ckulTxLCg7U_yQqc8eeumOoaDFVrCCar\/view?usp=sharing\" target=\"_blank\" rel=\"noopener\"> II CONFER\u00caNCIA MUNICIPAL DE SA\u00daDE MENTAL<\/a><br><a href=\"https:\/\/drive.google.com\/file\/d\/1cNxCy0snqfusDwI5JaDcslYN6Vh1Eqz3\/view?usp=sharing\" target=\"_blank\" rel=\"noopener\"> III CONFER\u00caNCIA MUNICIPAL DE SA\u00daDE MENTAL<\/a><\/p>\n\n\n\n<h3 class=\"wp-block-heading\">SA\u00daDE DA MULHER<\/h3>\n\n\n\n<p><a href=\"https:\/\/drive.google.com\/file\/d\/13icfAu9qCzzj9C0d9hK_e0sQKbYwtTFB\/view?usp=sharing\" target=\"_blank\" rel=\"noopener\"> I CONFER\u00caNCIA MUNICIPAL DE SA\u00daDE DA MULHER<\/a><\/p>\n\n\n\n<h3 class=\"wp-block-heading\">VIGIL\u00c2NCIA EM SA\u00daDE<\/h3>\n\n\n\n<p><a href=\"https:\/\/drive.google.com\/file\/d\/1juZPU8b8bEEQJW2w1371KG5f7dkILM2Z\/view?usp=sharing\" target=\"_blank\" rel=\"noopener\"> I CONFER\u00caNCIA MUNICIPAL DE VIGIL\u00c2NCIA EM SA\u00daDE<\/a><\/p>\n\n\n\n<h3 class=\"wp-block-heading\">GEST\u00c3O DO TRABALHO E DA EDUCA\u00c7\u00c3O NA SA\u00daDE<\/h3>\n\n\n\n<p><a href=\"#\">I CONFER\u00caNCIA MUNICIPAL DE GEST\u00c3O DO TRABALHO E DA EDUCA\u00c7\u00c3O NA SA\u00daDE<\/a><br>\n<a href=\"https:\/\/drive.google.com\/file\/d\/17Y2jB8bLSo5m13T2hsOGnj5MNPa-sinh\/view\">II CONFER\u00caNCIA MUNICIPAL DE GEST\u00c3O DO TRABALHO E DA EDUCA\u00c7\u00c3O NA SA\u00daDE<\/a><\/p>\n","protected":false},"excerpt":{"rendered":"<p>Sobre as Confer\u00eancias Tem\u00e1ticas de Sa\u00fade: As Confer\u00eancias Tem\u00e1ticas oportunizam a participa\u00e7\u00e3o direta da popula\u00e7\u00e3o, por meio do di\u00e1logo entre sociedade civil e governos para debater, avaliar e propor diretrizes de temas espec\u00edficos e de interesse p\u00fablico, vinculados \u00e0s pol\u00edticas p\u00fablicas e aos direitos de grupos espec\u00edficos. SA\u00daDE MENTAL I<\/p>\n","protected":false},"author":2,"featured_media":0,"parent":0,"menu_order":0,"comment_status":"closed","ping_status":"open","template":"","meta":[],"_links":{"self":[{"href":"https:\/\/cmsf.sms.fortaleza.ce.gov.br\/index.php?rest_route=\/wp\/v2\/pages\/2867"}],"collection":[{"href":"https:\/\/cmsf.sms.fortaleza.ce.gov.br\/index.php?rest_route=\/wp\/v2\/pages"}],"about":[{"href":"https:\/\/cmsf.sms.fortaleza.ce.gov.br\/index.php?rest_route=\/wp\/v2\/types\/page"}],"author":[{"embeddable":true,"href":"https:\/\/cmsf.sms.fortaleza.ce.gov.br\/index.php?rest_route=\/wp\/v2\/users\/2"}],"replies":[{"embeddable":true,"href":"https:\/\/cmsf.sms.fortaleza.ce.gov.br\/index.php?rest_route=%2Fwp%2Fv2%2Fcomments&post=2867"}],"version-history":[{"count":21,"href":"https:\/\/cmsf.sms.fortaleza.ce.gov.br\/index.php?rest_route=\/wp\/v2\/pages\/2867\/revisions"}],"predecessor-version":[{"id":4246,"href":"https:\/\/cmsf.sms.fortaleza.ce.gov.br\/index.php?rest_route=\/wp\/v2\/pages\/2867\/revisions\/4246"}],"wp:attachment":[{"href":"https:\/\/cmsf.sms.fortaleza.ce.gov.br\/index.php?rest_route=%2Fwp%2Fv2%2Fmedia&parent=2867"}],"curies":[{"name":"wp","href":"https:\/\/api.w.org\/{rel}","templated":true}]}}