{"id":2800,"date":"2022-08-19T09:28:40","date_gmt":"2022-08-19T12:28:40","guid":{"rendered":"https:\/\/cmsf.sms.fortaleza.ce.gov.br\/?page_id=2800"},"modified":"2026-03-29T13:43:36","modified_gmt":"2026-03-29T16:43:36","slug":"legislacao-vigente","status":"publish","type":"page","link":"https:\/\/cmsf.sms.fortaleza.ce.gov.br\/?page_id=2800","title":{"rendered":"Legisla\u00e7\u00e3o Vigente"},"content":{"rendered":"<p><strong><a href=\"https:\/\/cmsf.sms.fortaleza.ce.gov.br\/wp-content\/uploads\/2026\/03\/RESOLUCAO-No-048-2025-Regimento-Interno-do-CMSF.pdf\" target=\"_blank\" rel=\"noopener\">Regimento Interno do Conselho Municipal de Sa\u00fade de Fortaleza<\/a><\/strong><\/p>\n<p><strong><a href=\"https:\/\/cmsf.sms.fortaleza.ce.gov.br\/wp-content\/uploads\/2025\/05\/LEI-No-11.532-DE-16-DE-MAIO-DE-2025-RFPL-0216-2025-Mens.-008-CMSF.pdf\" target=\"_blank\" rel=\"noopener\">Lei Municipal n\u00ba 11.532, de 16 de maio de 2025:<\/a><\/strong> Disp\u00f5e sobre as compet\u00eancias, a organiza\u00e7\u00e3o e o funcionamento do Conselho Municipal de Sa\u00fade de Fortaleza (CMSF) e d\u00e1 outras provid\u00eancias. Revogam-se a Lei 8066\/1997 e o Decreto 12.104\/2006.<\/p>\n<p><strong><a href=\"https:\/\/drive.google.com\/file\/d\/1P-PRcuT0moWKbYLh6iVCi5Gx9UVWcty5\/view?usp=share_link\" target=\"_blank\" rel=\"noopener\">Decreto 10.842, de 31 de julho de 2000:<\/a><\/strong> Disp\u00f5e sobre a cria\u00e7\u00e3o dos Conselhos Locais de Sa\u00fade nas Unidades P\u00fablicas de Sa\u00fade do Munic\u00edpio de Fortaleza.<\/p>\n<p><strong><a href=\"https:\/\/drive.google.com\/file\/d\/1M_Kp1DX_QnBjw1gYtcU7N9U9Q-l5qiUj\/view?usp=sharing\" target=\"_blank\" rel=\"noopener\">Decreto 14.449, de 12 de junho de 2019:<\/a><\/strong> Altera o Decreto Municipal n\u00ba 10.842 de 31 de julho de 2000, que disp\u00f5e sobre a cria\u00e7\u00e3o dos Conselhos Locais de Sa\u00fade nas Unidades P\u00fablicas de Sa\u00fade do Munic\u00edpio de Fortaleza.<\/p>\n<p><strong><a href=\"https:\/\/drive.google.com\/file\/d\/1wUcZy9eSxel2f1_ScCqoUDvqVZlFKWzp\/view?usp=sharing\" target=\"_blank\" rel=\"noopener\">Lei Federal n\u00ba 8080, de 19 de setembro de 1990:<\/a><\/strong> Disp\u00f5e sobre as condi\u00e7\u00f5es para a promo\u00e7\u00e3o, prote\u00e7\u00e3o e recupera\u00e7\u00e3o da sa\u00fade, a organiza\u00e7\u00e3o e o funcionamento dos servi\u00e7os correspondentes e d\u00e1 outras provid\u00eancias.<\/p>\n<p><strong><a href=\"https:\/\/drive.google.com\/file\/d\/1xlXrvioYV5bLuX2NPHyIJAO25z9-MmH8\/view?usp=sharing\" target=\"_blank\" rel=\"noopener\">Lei Federal n\u00ba 8142, de 28 de dezembro de 1990:<\/a><\/strong> Disp\u00f5e sobre a participa\u00e7\u00e3o da comunidade na gest\u00e3o do Sistema \u00danico de Sa\u00fade (SUS) e sobre as transfer\u00eancias intergovernamentais de recursos financeiros na \u00e1rea da sa\u00fade e d\u00e1 outras provid\u00eancias.<\/p>\n<p><strong><a href=\"https:\/\/drive.google.com\/file\/d\/1Xb3oxTd7jwy_mKTN1eodF5Y19igjxWQ3\/view?usp=sharing\" target=\"_blank\" rel=\"noopener\">Resolu\u00e7\u00e3o do Conselho Nacional de Sa\u00fade n\u00ba 453, de 10 de maio de 2012:<\/a><\/strong> Aprova as diretrizes para institui\u00e7\u00e3o, reformula\u00e7\u00e3o, reestrutura\u00e7\u00e3o e funcionamento dos Conselhos de Sa\u00fade.<\/p>\n<p><strong><a href=\"https:\/\/drive.google.com\/file\/d\/1c0E8RL8i6oBJPRH1CR6lRb-17bWeNWF9\/view?usp=sharing\" target=\"_blank\" rel=\"noopener\">Resolu\u00e7\u00e3o do Conselho Nacional de Sa\u00fade n\u00ba 554, de 15 de setembro de 2017:<\/a><\/strong> Aprova diretrizes para estrutura\u00e7\u00e3o e funcionamento dos Conselhos de Sa\u00fade a serem aplicadas em conjunto com o previsto na Resolu\u00e7\u00e3o do Conselho Nacional de Sa\u00fade n\u00ba 453\/2012.<\/p>\n<p><strong><a href=\"https:\/\/drive.google.com\/file\/d\/10wJD7ZdzUhzyXPfYbPh59i71e7K2oKpq\/view?usp=sharing\" target=\"_blank\" rel=\"noopener\">Lei Complementar n\u00ba 141, de 13 de janeiro de 2012:<\/a><\/strong> Regulamenta o \u00a7 3\u00ba o do art. 198 da Constitui\u00e7\u00e3o Federal para dispor sobre os valores m\u00ednimos a serem aplicados anualmente pela Uni\u00e3o, Estados, Distrito Federal e Munic\u00edpios em a\u00e7\u00f5es e servi\u00e7os p\u00fablicos de sa\u00fade; estabelece os crit\u00e9rios de rateio dos recursos de transfer\u00eancias para a sa\u00fade e as normas de fiscaliza\u00e7\u00e3o, avalia\u00e7\u00e3o e controle das despesas com sa\u00fade nas 3 (tr\u00eas) esferas de governo; revoga dispositivos das Leis n\u00ba 8.080, de 19 de setembro de 1990 e, 8.689, de 27 de julho de 1993; e d\u00e1 outras provid\u00eancias.<\/p>\n","protected":false},"excerpt":{"rendered":"<p>Regimento Interno do Conselho Municipal de Sa\u00fade de Fortaleza Lei Municipal n\u00ba 11.532, de 16 de maio de 2025: Disp\u00f5e sobre as compet\u00eancias, a organiza\u00e7\u00e3o e o funcionamento do Conselho Municipal de Sa\u00fade de Fortaleza (CMSF) e d\u00e1 outras provid\u00eancias. Revogam-se a Lei 8066\/1997 e o Decreto 12.104\/2006. Decreto 10.842,<\/p>\n","protected":false},"author":2,"featured_media":0,"parent":0,"menu_order":0,"comment_status":"closed","ping_status":"open","template":"","meta":[],"_links":{"self":[{"href":"https:\/\/cmsf.sms.fortaleza.ce.gov.br\/index.php?rest_route=\/wp\/v2\/pages\/2800"}],"collection":[{"href":"https:\/\/cmsf.sms.fortaleza.ce.gov.br\/index.php?rest_route=\/wp\/v2\/pages"}],"about":[{"href":"https:\/\/cmsf.sms.fortaleza.ce.gov.br\/index.php?rest_route=\/wp\/v2\/types\/page"}],"author":[{"embeddable":true,"href":"https:\/\/cmsf.sms.fortaleza.ce.gov.br\/index.php?rest_route=\/wp\/v2\/users\/2"}],"replies":[{"embeddable":true,"href":"https:\/\/cmsf.sms.fortaleza.ce.gov.br\/index.php?rest_route=%2Fwp%2Fv2%2Fcomments&post=2800"}],"version-history":[{"count":37,"href":"https:\/\/cmsf.sms.fortaleza.ce.gov.br\/index.php?rest_route=\/wp\/v2\/pages\/2800\/revisions"}],"predecessor-version":[{"id":4916,"href":"https:\/\/cmsf.sms.fortaleza.ce.gov.br\/index.php?rest_route=\/wp\/v2\/pages\/2800\/revisions\/4916"}],"wp:attachment":[{"href":"https:\/\/cmsf.sms.fortaleza.ce.gov.br\/index.php?rest_route=%2Fwp%2Fv2%2Fmedia&parent=2800"}],"curies":[{"name":"wp","href":"https:\/\/api.w.org\/{rel}","templated":true}]}}