{"id":2787,"date":"2022-08-11T15:23:10","date_gmt":"2022-08-11T18:23:10","guid":{"rendered":"https:\/\/cmsf.sms.fortaleza.ce.gov.br\/?page_id=2787"},"modified":"2026-03-17T16:13:35","modified_gmt":"2026-03-17T19:13:35","slug":"composicao-2","status":"publish","type":"page","link":"https:\/\/cmsf.sms.fortaleza.ce.gov.br\/?page_id=2787","title":{"rendered":"Composi\u00e7\u00e3o"},"content":{"rendered":"<p>Conselho Municipal de Sa\u00fade de Fortaleza (CMSF) \u00e9 formado por 32 conselheiros(as) titulares e seus respectivos suplentes. De acordo com a Lei Municipal n\u00ba 11.532\/2025, a composi\u00e7\u00e3o do Conselho \u00e9 definida da seguinte forma:<\/p>\n<p>Entidades e Movimentos Sociais de Usu\u00e1rios do SUS e dos Conselhos Regionais de Sa\u00fade;<br \/>\nEntidades de Profissionais de Sa\u00fade de N\u00edvel Superior e N\u00edvel M\u00e9dio;<br \/>\nGestores e Prestadores de Servi\u00e7os a Sa\u00fade.<\/p>\n<p>I \u2013 50% dos membros representantes de Entidades e Movimentos Sociais de Usu\u00e1rios do SUS e dos Conselhos Regionais de Sa\u00fade, escolhidos em processo eleitoral;<\/p>\n<p>II \u2013 25% dos membros representantes de Entidades de Profissionais de Sa\u00fade de N\u00edvel Superior e N\u00edvel M\u00e9dio, escolhidos em processo eleitoral;<\/p>\n<p>III &#8211; 25% dos membros representantes de Gestores Municipais indicados e de Prestadores de Servi\u00e7os a Sa\u00fade, escolhidos em processo eleitoral.<\/p>\n<p><a href=\"https:\/\/cmsf.sms.fortaleza.ce.gov.br\/wp-content\/uploads\/2026\/03\/CMSF.pdf\" target=\"_blank\" rel=\"noopener\">Saiba quem s\u00e3o os Conselheiros e Conselheiras Municipais de Sa\u00fade<\/a><\/p>\n","protected":false},"excerpt":{"rendered":"<p>Conselho Municipal de Sa\u00fade de Fortaleza (CMSF) \u00e9 formado por 32 conselheiros(as) titulares e seus respectivos suplentes. De acordo com a Lei Municipal n\u00ba 11.532\/2025, a composi\u00e7\u00e3o do Conselho \u00e9 definida da seguinte forma: Entidades e Movimentos Sociais de Usu\u00e1rios do SUS e dos Conselhos Regionais de Sa\u00fade; Entidades de<\/p>\n","protected":false},"author":2,"featured_media":0,"parent":0,"menu_order":0,"comment_status":"closed","ping_status":"open","template":"","meta":[],"_links":{"self":[{"href":"https:\/\/cmsf.sms.fortaleza.ce.gov.br\/index.php?rest_route=\/wp\/v2\/pages\/2787"}],"collection":[{"href":"https:\/\/cmsf.sms.fortaleza.ce.gov.br\/index.php?rest_route=\/wp\/v2\/pages"}],"about":[{"href":"https:\/\/cmsf.sms.fortaleza.ce.gov.br\/index.php?rest_route=\/wp\/v2\/types\/page"}],"author":[{"embeddable":true,"href":"https:\/\/cmsf.sms.fortaleza.ce.gov.br\/index.php?rest_route=\/wp\/v2\/users\/2"}],"replies":[{"embeddable":true,"href":"https:\/\/cmsf.sms.fortaleza.ce.gov.br\/index.php?rest_route=%2Fwp%2Fv2%2Fcomments&post=2787"}],"version-history":[{"count":17,"href":"https:\/\/cmsf.sms.fortaleza.ce.gov.br\/index.php?rest_route=\/wp\/v2\/pages\/2787\/revisions"}],"predecessor-version":[{"id":4892,"href":"https:\/\/cmsf.sms.fortaleza.ce.gov.br\/index.php?rest_route=\/wp\/v2\/pages\/2787\/revisions\/4892"}],"wp:attachment":[{"href":"https:\/\/cmsf.sms.fortaleza.ce.gov.br\/index.php?rest_route=%2Fwp%2Fv2%2Fmedia&parent=2787"}],"curies":[{"name":"wp","href":"https:\/\/api.w.org\/{rel}","templated":true}]}}