{"id":2075,"date":"2021-11-18T11:41:28","date_gmt":"2021-11-18T14:41:28","guid":{"rendered":"https:\/\/cmsf.sms.fortaleza.ce.gov.br\/?page_id=2075"},"modified":"2026-03-17T16:32:06","modified_gmt":"2026-03-17T19:32:06","slug":"2075-2","status":"publish","type":"page","link":"https:\/\/cmsf.sms.fortaleza.ce.gov.br\/?page_id=2075","title":{"rendered":"Comiss\u00f5es"},"content":{"rendered":"\n<h5 class=\"wp-block-heading\"><mark style=\"background-color:rgba(0, 0, 0, 0)\" class=\"has-inline-color has-primary-color\">COMISS\u00d5ES PERMANENTES<\/mark><\/h5>\n\n\n\n<p>As comiss\u00f5es permanentes criadas e estabelecidas pelo plen\u00e1rio do Conselho Municipal de Sa\u00fade,&nbsp;tem por atribui\u00e7\u00f5es discutir e articular as pol\u00edticas, normas e programas das institui\u00e7\u00f5es e setores de interesse do Sistema \u00danico de Sa\u00fade, como tamb\u00e9m submetem ao pleno do CMS as suas recomenda\u00e7\u00f5es.<\/p>\n\n\n\n<p>As Comiss\u00f5es Permanentes do CMSF s\u00e3o:<\/p>\n\n\n\n<p><\/p>\n\n\n\n<ul>\n<li>Acompanhamento da Gest\u00e3o do Sistema<\/li>\n\n\n\n<li>Controle Social, Comunica\u00e7\u00e3o e Informa\u00e7\u00e3o em Sa\u00fade<\/li>\n\n\n\n<li>Planejamento, Or\u00e7amento e Finan\u00e7as<\/li>\n\n\n\n<li>Gest\u00e3o do Trabalho e Educa\u00e7\u00e3o na Sa\u00fade<\/li>\n<\/ul>\n\n\n\n<p><a href=\"https:\/\/cmsf.sms.fortaleza.ce.gov.br\/wp-content\/uploads\/2026\/03\/Membros-das-Comissoes-Permanentes.pdf\">Membros das Comiss\u00f5es<\/a><\/p>\n\n\n\n<p><\/p>\n\n\n\n<h5 class=\"wp-block-heading\"><mark style=\"background-color:rgba(0, 0, 0, 0)\" class=\"has-inline-color has-primary-color\">COMISS\u00d5ES INTERSETORIAIS<\/mark><\/h5>\n\n\n\n<p>As comiss\u00f5es intersetoriais recebem esse nome por estarem compostas de conselheiros de sa\u00fade e representantes de outras entidades da organiza\u00e7\u00e3o civil. S\u00e3o elas:<\/p>\n\n\n\n<ul>\n<li>Intersetorial de Sa\u00fade da Pessoa com Defici\u00eancia e outras Patologias<\/li>\n\n\n\n<li>Intersetorial de Sa\u00fade da Mulher<\/li>\n\n\n\n<li>Intersetorial de Sa\u00fade do Trabalhador e da Trabalhadora<\/li>\n\n\n\n<li>Intersetorial de Sa\u00fade Mental<\/li>\n<\/ul>\n\n\n\n<p><a rel=\"noreferrer noopener\" href=\"https:\/\/cmsf.sms.fortaleza.ce.gov.br\/wp-content\/uploads\/2026\/03\/Membros-das-Comissoes-Intersetoriais.pdf\" data-type=\"URL\" data-id=\"https:\/\/cmsf.sms.fortaleza.ce.gov.br\/wp-content\/uploads\/2024\/08\/Membros-das-Comissoes-Intersetoriais.pdf\" target=\"_blank\">Membros das Comiss\u00f5es<\/a> <\/p>\n\n\n\n<h5 class=\"wp-block-heading\"><mark style=\"background-color:rgba(0, 0, 0, 0)\" class=\"has-inline-color has-primary-color\">COMISS\u00c3O DE \u00c9TICA E CONDUTA<\/mark><\/h5>\n\n\n\n<p>A Comiss\u00e3o de \u00c9tica e de Conduta (CEC) \u00e9 uma inst\u00e2ncia normativa e deliberativa no \u00e2mbito de sua compet\u00eancia, e encarregada de apurar, orientar e aconselhar os Conselheiros.<\/p>\n\n\n\n<p><a href=\"https:\/\/cmsf.sms.fortaleza.ce.gov.br\/wp-content\/uploads\/2026\/03\/Membros-da-Comissao-de-Etica.pdf\" target=\"_blank\" rel=\"noreferrer noopener\">Membros da Comiss\u00e3o<\/a><\/p>\n\n\n\n<p><a rel=\"noreferrer noopener\" href=\"https:\/\/drive.google.com\/file\/d\/1E_DwAfEHwJssv431xksB-21FpGeK6JzV\/view?usp=sharing\" target=\"_blank\">C\u00f3digo de \u00c9tica e Conduta do Conselho Municipal de Sa\u00fade de Fortaleza<\/a><\/p>\n\n\n\n<p><\/p>\n\n\n\n<ul>\n<h5 class=\"wp-block-heading\"><\/h5>\n<\/ul>\n","protected":false},"excerpt":{"rendered":"<p>COMISS\u00d5ES PERMANENTES As comiss\u00f5es permanentes criadas e estabelecidas pelo plen\u00e1rio do Conselho Municipal de Sa\u00fade,&nbsp;tem por atribui\u00e7\u00f5es discutir e articular as pol\u00edticas, normas e programas das institui\u00e7\u00f5es e setores de interesse do Sistema \u00danico de Sa\u00fade, como tamb\u00e9m submetem ao pleno do CMS as suas recomenda\u00e7\u00f5es. As Comiss\u00f5es Permanentes do<\/p>\n","protected":false},"author":2,"featured_media":0,"parent":0,"menu_order":0,"comment_status":"closed","ping_status":"open","template":"","meta":[],"_links":{"self":[{"href":"https:\/\/cmsf.sms.fortaleza.ce.gov.br\/index.php?rest_route=\/wp\/v2\/pages\/2075"}],"collection":[{"href":"https:\/\/cmsf.sms.fortaleza.ce.gov.br\/index.php?rest_route=\/wp\/v2\/pages"}],"about":[{"href":"https:\/\/cmsf.sms.fortaleza.ce.gov.br\/index.php?rest_route=\/wp\/v2\/types\/page"}],"author":[{"embeddable":true,"href":"https:\/\/cmsf.sms.fortaleza.ce.gov.br\/index.php?rest_route=\/wp\/v2\/users\/2"}],"replies":[{"embeddable":true,"href":"https:\/\/cmsf.sms.fortaleza.ce.gov.br\/index.php?rest_route=%2Fwp%2Fv2%2Fcomments&post=2075"}],"version-history":[{"count":86,"href":"https:\/\/cmsf.sms.fortaleza.ce.gov.br\/index.php?rest_route=\/wp\/v2\/pages\/2075\/revisions"}],"predecessor-version":[{"id":4903,"href":"https:\/\/cmsf.sms.fortaleza.ce.gov.br\/index.php?rest_route=\/wp\/v2\/pages\/2075\/revisions\/4903"}],"wp:attachment":[{"href":"https:\/\/cmsf.sms.fortaleza.ce.gov.br\/index.php?rest_route=%2Fwp%2Fv2%2Fmedia&parent=2075"}],"curies":[{"name":"wp","href":"https:\/\/api.w.org\/{rel}","templated":true}]}}