{"id":2055,"date":"2021-11-18T07:51:53","date_gmt":"2021-11-18T10:51:53","guid":{"rendered":"https:\/\/cmsf.sms.fortaleza.ce.gov.br\/?page_id=2055"},"modified":"2025-07-21T11:36:19","modified_gmt":"2025-07-21T14:36:19","slug":"estrutura","status":"publish","type":"page","link":"https:\/\/cmsf.sms.fortaleza.ce.gov.br\/?page_id=2055","title":{"rendered":"Estrutura e Funcionamento"},"content":{"rendered":"<p>O Conselho Municipal de Sa\u00fade de Fortaleza &#8211; CMSF \u00e9 organizado em Plen\u00e1ria, Mesa Diretora, Secretaria Executiva, Comiss\u00f5es Permanentes, Conselhos Regionais de Sa\u00fade e Conselhos Locais de Sa\u00fade.<\/p>\n<h2>Plen\u00e1rio<\/h2>\n<p>A Plen\u00e1ria do Conselho Municipal de Sa\u00fade de Fortaleza (CMSF) \u00e9 inst\u00e2ncia m\u00e1xima, integrada pelos conselheiros titulares e suplentes, que se reunir\u00e3o ordinariamente, no m\u00ednimo, a cada m\u00eas e, extraordinariamente, quando necess\u00e1rio, e funcionar\u00e1 nos termos do seu regimento interno.<\/p>\n<h2>Mesa Diretora<\/h2>\n<p>A Mesa Diretora ser\u00e1 composta por:<br \/>\nI \u2014 Presidente.<br \/>\nII \u2014 Vice-Presidente.<br \/>\nIII \u2014 Secret\u00e1rio(a) Geral.<br \/>\nIV \u2014 Secret\u00e1rio(a) Adjunto(a).<\/p>\n<p>A Mesa Diretora do CMSF ser\u00e1 parit\u00e1ria, com mandato de 3 (tr\u00eas) anos, com direito a uma recondu\u00e7\u00e3o por igual per\u00edodo, cujo processo eleitoral ser\u00e1 definido no regimento interno do colegiado.<\/p>\n<h2>Secretaria Executiva<\/h2>\n<p>A Secretaria Executiva, subordinada ao Pleno e \u00e0 Mesa Diretora, dever\u00e1 ser multiprofissional, proporcionando assessoria t\u00e9cnica, jur\u00eddica e administrativa ao CMSF, aos Conselhos Regionais e aos Conselhos Locais de Sa\u00fade, composta por, no m\u00ednimo: assessoria de planejamento e gest\u00e3o em sa\u00fade, assessoria de contabilidade, assessoria jur\u00eddica, assessoria de comunica\u00e7\u00e3o e informa\u00e7\u00e3o em sa\u00fade e assessores t\u00e9cnico-administrativos.<br \/>\nO ocupante da fun\u00e7\u00e3o de Secret\u00e1rio (a) Executivo (a) dever\u00e1 ser um profissional de n\u00edvel superior e ser\u00e1 nomeado pelo Chefe do Poder Executivo, ap\u00f3s aprova\u00e7\u00e3o pelo Pleno do colegiado.<\/p>\n<h2>Comiss\u00f5es<\/h2>\n<p>As Comiss\u00f5es s\u00e3o organismos de assessoria ao Plen\u00e1rio do CMSF e devem buscar fornecer subs\u00eddios de discuss\u00e3o ao Plen\u00e1rio para a delibera\u00e7\u00e3o sobre a formula\u00e7\u00e3o da estrat\u00e9gia e controle da execu\u00e7\u00e3o de pol\u00edticas p\u00fablicas de sa\u00fade.<\/p>\n<h2>Conselhos Regionais e Locais de Sa\u00fade<\/h2>\n<p>Os Conselhos Regionais e os Conselhos Locais de Sa\u00fade, institu\u00eddos, respectivamente, pela Lei n.\u00ba 8.092, de 21 de novembro de 1997, e pelo Decreto n.\u00ba 10.842, de 31 de julho de 2000, s\u00e3o inst\u00e2ncias colegiadas de car\u00e1ter permanente, propositivo, consultivo e fiscalizador, integrantes da estrutura organizacional do Conselho Municipal de Sa\u00fade de Fortaleza (CMSF), compostos paritariamente por representantes dos usu\u00e1rios, do governo, dos prestadores de servi\u00e7os da \u00e1rea de sa\u00fade e dos profissionais de sa\u00fade, com atribui\u00e7\u00f5es, estrutura, composi\u00e7\u00e3o e funcionamento definidos pelo CMSF.<\/p>\n","protected":false},"excerpt":{"rendered":"<p>O Conselho Municipal de Sa\u00fade de Fortaleza &#8211; CMSF \u00e9 organizado em Plen\u00e1ria, Mesa Diretora, Secretaria Executiva, Comiss\u00f5es Permanentes, Conselhos Regionais de Sa\u00fade e Conselhos Locais de Sa\u00fade. Plen\u00e1rio A Plen\u00e1ria do Conselho Municipal de Sa\u00fade de Fortaleza (CMSF) \u00e9 inst\u00e2ncia m\u00e1xima, integrada pelos conselheiros titulares e suplentes, que se<\/p>\n","protected":false},"author":2,"featured_media":0,"parent":0,"menu_order":0,"comment_status":"closed","ping_status":"open","template":"","meta":[],"_links":{"self":[{"href":"https:\/\/cmsf.sms.fortaleza.ce.gov.br\/index.php?rest_route=\/wp\/v2\/pages\/2055"}],"collection":[{"href":"https:\/\/cmsf.sms.fortaleza.ce.gov.br\/index.php?rest_route=\/wp\/v2\/pages"}],"about":[{"href":"https:\/\/cmsf.sms.fortaleza.ce.gov.br\/index.php?rest_route=\/wp\/v2\/types\/page"}],"author":[{"embeddable":true,"href":"https:\/\/cmsf.sms.fortaleza.ce.gov.br\/index.php?rest_route=\/wp\/v2\/users\/2"}],"replies":[{"embeddable":true,"href":"https:\/\/cmsf.sms.fortaleza.ce.gov.br\/index.php?rest_route=%2Fwp%2Fv2%2Fcomments&post=2055"}],"version-history":[{"count":19,"href":"https:\/\/cmsf.sms.fortaleza.ce.gov.br\/index.php?rest_route=\/wp\/v2\/pages\/2055\/revisions"}],"predecessor-version":[{"id":4693,"href":"https:\/\/cmsf.sms.fortaleza.ce.gov.br\/index.php?rest_route=\/wp\/v2\/pages\/2055\/revisions\/4693"}],"wp:attachment":[{"href":"https:\/\/cmsf.sms.fortaleza.ce.gov.br\/index.php?rest_route=%2Fwp%2Fv2%2Fmedia&parent=2055"}],"curies":[{"name":"wp","href":"https:\/\/api.w.org\/{rel}","templated":true}]}}