{"id":18,"date":"2014-10-07T14:00:05","date_gmt":"2014-10-07T14:00:05","guid":{"rendered":"http:\/\/172.16.225.9\/cmsf\/?page_id=18"},"modified":"2026-03-17T16:33:13","modified_gmt":"2026-03-17T19:33:13","slug":"assessoria-executiva","status":"publish","type":"page","link":"https:\/\/cmsf.sms.fortaleza.ce.gov.br\/?page_id=18","title":{"rendered":"Secretaria Executiva do CMSF"},"content":{"rendered":"<p><strong>SECRET\u00c1RIA EXECUTIVA:<\/strong><br \/>\nSillandia Garcez Ferreira Silva<\/p>\n<p><strong>ASSESSORIA&nbsp;JUR\u00cdDICA:<\/strong><br \/>\nEdna Maria Ara\u00fajo Said<\/p>\n<p><strong>ASSESSORIA ADMINISTRATIVA:<\/strong><br \/>\nAna Maura de Ara\u00fajo<br \/>\nAna Vl\u00e1dia Braga da Silva Lima<br \/>\nDayse Costa Rabelo<br \/>\nRodrigo Mendon\u00e7a Feitosa<br \/>\nRuth Anne do Nascimento<\/p>\n","protected":false},"excerpt":{"rendered":"<p>SECRET\u00c1RIA EXECUTIVA: Sillandia Garcez Ferreira Silva ASSESSORIA&nbsp;JUR\u00cdDICA: Edna Maria Ara\u00fajo Said ASSESSORIA ADMINISTRATIVA: Ana Maura de Ara\u00fajo Ana Vl\u00e1dia Braga da Silva Lima Dayse Costa Rabelo Rodrigo Mendon\u00e7a Feitosa Ruth Anne do Nascimento<\/p>\n","protected":false},"author":1,"featured_media":0,"parent":0,"menu_order":0,"comment_status":"closed","ping_status":"open","template":"","meta":[],"_links":{"self":[{"href":"https:\/\/cmsf.sms.fortaleza.ce.gov.br\/index.php?rest_route=\/wp\/v2\/pages\/18"}],"collection":[{"href":"https:\/\/cmsf.sms.fortaleza.ce.gov.br\/index.php?rest_route=\/wp\/v2\/pages"}],"about":[{"href":"https:\/\/cmsf.sms.fortaleza.ce.gov.br\/index.php?rest_route=\/wp\/v2\/types\/page"}],"author":[{"embeddable":true,"href":"https:\/\/cmsf.sms.fortaleza.ce.gov.br\/index.php?rest_route=\/wp\/v2\/users\/1"}],"replies":[{"embeddable":true,"href":"https:\/\/cmsf.sms.fortaleza.ce.gov.br\/index.php?rest_route=%2Fwp%2Fv2%2Fcomments&post=18"}],"version-history":[{"count":41,"href":"https:\/\/cmsf.sms.fortaleza.ce.gov.br\/index.php?rest_route=\/wp\/v2\/pages\/18\/revisions"}],"predecessor-version":[{"id":4907,"href":"https:\/\/cmsf.sms.fortaleza.ce.gov.br\/index.php?rest_route=\/wp\/v2\/pages\/18\/revisions\/4907"}],"wp:attachment":[{"href":"https:\/\/cmsf.sms.fortaleza.ce.gov.br\/index.php?rest_route=%2Fwp%2Fv2%2Fmedia&parent=18"}],"curies":[{"name":"wp","href":"https:\/\/api.w.org\/{rel}","templated":true}]}}