{"id":174,"date":"2014-10-09T11:58:04","date_gmt":"2014-10-09T11:58:04","guid":{"rendered":"http:\/\/172.16.225.9\/cmsf\/?page_id=174"},"modified":"2025-08-21T16:42:52","modified_gmt":"2025-08-21T19:42:52","slug":"contato","status":"publish","type":"page","link":"https:\/\/cmsf.sms.fortaleza.ce.gov.br\/?page_id=174","title":{"rendered":"Fale Conosco"},"content":{"rendered":"<p><strong>Den\u00fancias:<\/strong><br \/>\nA Comiss\u00e3o de \u00c9tica e Conduta do Conselho Municipal de Sa\u00fade de Fortaleza, disponibiliza abaixo, o canal de den\u00fancias:<\/p>\n<p><a href=\"https:\/\/forms.gle\/6owNPXpeiWATNXkN9\"> <strong> Formul\u00e1rio de Den\u00fancias <\/strong> <\/a><\/p>\n<p><strong>Endere\u00e7o:<\/strong> Rua Bar\u00e3o do Rio Branco, 910 &#8211; Sobreloja.\u00a0Fortaleza &#8211; Cear\u00e1. CEP: 60025-060<br \/>\n<!-- <strong>Telefones:<\/strong> +55(85) 0800-2801819 \/ (85) 3452-6614 \/&nbsp;(85) 3452-6613 \/ (85) 3452-4036 --><br \/>\n<strong>E-mail:<\/strong>\u00a0 cmsf-ce@sms.fortaleza.ce.gov.br<\/p>\n<p><strong>Telefone:<\/strong> 3452.6613 \/ 3452.6614 \/ (85) 99188.8756<\/p>\n","protected":false},"excerpt":{"rendered":"<p>Den\u00fancias: A Comiss\u00e3o de \u00c9tica e Conduta do Conselho Municipal de Sa\u00fade de Fortaleza, disponibiliza abaixo, o canal de den\u00fancias: Formul\u00e1rio de Den\u00fancias Endere\u00e7o: Rua Bar\u00e3o do Rio Branco, 910 &#8211; Sobreloja.\u00a0Fortaleza &#8211; Cear\u00e1. CEP: 60025-060 E-mail:\u00a0 cmsf-ce@sms.fortaleza.ce.gov.br Telefone: 3452.6613 \/ 3452.6614 \/ (85) 99188.8756<\/p>\n","protected":false},"author":1,"featured_media":0,"parent":0,"menu_order":0,"comment_status":"closed","ping_status":"open","template":"","meta":[],"_links":{"self":[{"href":"https:\/\/cmsf.sms.fortaleza.ce.gov.br\/index.php?rest_route=\/wp\/v2\/pages\/174"}],"collection":[{"href":"https:\/\/cmsf.sms.fortaleza.ce.gov.br\/index.php?rest_route=\/wp\/v2\/pages"}],"about":[{"href":"https:\/\/cmsf.sms.fortaleza.ce.gov.br\/index.php?rest_route=\/wp\/v2\/types\/page"}],"author":[{"embeddable":true,"href":"https:\/\/cmsf.sms.fortaleza.ce.gov.br\/index.php?rest_route=\/wp\/v2\/users\/1"}],"replies":[{"embeddable":true,"href":"https:\/\/cmsf.sms.fortaleza.ce.gov.br\/index.php?rest_route=%2Fwp%2Fv2%2Fcomments&post=174"}],"version-history":[{"count":26,"href":"https:\/\/cmsf.sms.fortaleza.ce.gov.br\/index.php?rest_route=\/wp\/v2\/pages\/174\/revisions"}],"predecessor-version":[{"id":4780,"href":"https:\/\/cmsf.sms.fortaleza.ce.gov.br\/index.php?rest_route=\/wp\/v2\/pages\/174\/revisions\/4780"}],"wp:attachment":[{"href":"https:\/\/cmsf.sms.fortaleza.ce.gov.br\/index.php?rest_route=%2Fwp%2Fv2%2Fmedia&parent=174"}],"curies":[{"name":"wp","href":"https:\/\/api.w.org\/{rel}","templated":true}]}}