{"id":14,"date":"2014-10-07T13:59:33","date_gmt":"2014-10-07T13:59:33","guid":{"rendered":"http:\/\/172.16.225.9\/cmsf\/?page_id=14"},"modified":"2025-07-23T08:19:57","modified_gmt":"2025-07-23T11:19:57","slug":"a-mesa-diretora","status":"publish","type":"page","link":"https:\/\/cmsf.sms.fortaleza.ce.gov.br\/?page_id=14","title":{"rendered":"Mesa Diretora"},"content":{"rendered":"<p>A Mesa Diretora do CMSF \u00e9 composta por Conselheiros e Conselheiras eleitos pelo pleno. Ela \u00e9 respons\u00e1vel por conduzir as a\u00e7\u00f5es e decis\u00f5es do \u00f3rg\u00e3o colegiado, orientando a presid\u00eancia e com o compromisso de representar o coletivo.<\/p>\n<h3>Composi\u00e7\u00e3o Tri\u00eanio 2025\/2028<\/h3>\n<p><strong>PRESIDENTE:<\/strong> Pedro Alves de Ara\u00fajo Filho&nbsp;<\/p>\n<p><strong>VICE-PRESIDENTE:<\/strong> Jo\u00e3o Batista Gomes Leal&nbsp;<\/p>\n<p><strong>SECRET\u00c1RIA GERAL:<\/strong> Gl\u00e9cia Bezerra de Souza&nbsp;<\/p>\n<p><strong>SECRET\u00c1RIA ADJUNTA:<\/strong> Aline Gouveia Martins&nbsp;<\/p>\n","protected":false},"excerpt":{"rendered":"<p>A Mesa Diretora do CMSF \u00e9 composta por Conselheiros e Conselheiras eleitos pelo pleno. Ela \u00e9 respons\u00e1vel por conduzir as a\u00e7\u00f5es e decis\u00f5es do \u00f3rg\u00e3o colegiado, orientando a presid\u00eancia e com o compromisso de representar o coletivo. Composi\u00e7\u00e3o Tri\u00eanio 2025\/2028 PRESIDENTE: Pedro Alves de Ara\u00fajo Filho&nbsp; VICE-PRESIDENTE: Jo\u00e3o Batista Gomes<\/p>\n","protected":false},"author":1,"featured_media":0,"parent":0,"menu_order":0,"comment_status":"closed","ping_status":"open","template":"","meta":[],"_links":{"self":[{"href":"https:\/\/cmsf.sms.fortaleza.ce.gov.br\/index.php?rest_route=\/wp\/v2\/pages\/14"}],"collection":[{"href":"https:\/\/cmsf.sms.fortaleza.ce.gov.br\/index.php?rest_route=\/wp\/v2\/pages"}],"about":[{"href":"https:\/\/cmsf.sms.fortaleza.ce.gov.br\/index.php?rest_route=\/wp\/v2\/types\/page"}],"author":[{"embeddable":true,"href":"https:\/\/cmsf.sms.fortaleza.ce.gov.br\/index.php?rest_route=\/wp\/v2\/users\/1"}],"replies":[{"embeddable":true,"href":"https:\/\/cmsf.sms.fortaleza.ce.gov.br\/index.php?rest_route=%2Fwp%2Fv2%2Fcomments&post=14"}],"version-history":[{"count":37,"href":"https:\/\/cmsf.sms.fortaleza.ce.gov.br\/index.php?rest_route=\/wp\/v2\/pages\/14\/revisions"}],"predecessor-version":[{"id":4702,"href":"https:\/\/cmsf.sms.fortaleza.ce.gov.br\/index.php?rest_route=\/wp\/v2\/pages\/14\/revisions\/4702"}],"wp:attachment":[{"href":"https:\/\/cmsf.sms.fortaleza.ce.gov.br\/index.php?rest_route=%2Fwp%2Fv2%2Fmedia&parent=14"}],"curies":[{"name":"wp","href":"https:\/\/api.w.org\/{rel}","templated":true}]}}